{"id":2453,"date":"2023-07-30T11:08:09","date_gmt":"2023-07-30T11:08:09","guid":{"rendered":"https:\/\/themeholy.com\/wordpress\/edura\/?page_id=2453"},"modified":"2025-12-16T13:38:48","modified_gmt":"2025-12-16T10:38:48","slug":"team","status":"publish","type":"page","link":"https:\/\/www.efeakademi.com.tr\/index.php\/team\/","title":{"rendered":"E\u011e\u0130TMENLER\u0130M\u0130Z"},"content":{"rendered":"\t\t<div data-elementor-type=\"wp-page\" data-elementor-id=\"2453\" class=\"elementor elementor-2453\">\n\t\t\t\t\t\t<section class=\"elementor-section elementor-top-section elementor-element elementor-element-d347abb elementor-section-boxed elementor-section-height-default elementor-section-height-default\" data-id=\"d347abb\" data-element_type=\"section\" data-e-type=\"section\">\n\t\t\t\t\t\t<div class=\"elementor-container elementor-column-gap-no\">\n\t\t\t\t\t<div class=\"elementor-column elementor-col-100 elementor-top-column elementor-element elementor-element-cb17675\" data-id=\"cb17675\" data-element_type=\"column\" data-e-type=\"column\">\n\t\t\t<div class=\"elementor-widget-wrap elementor-element-populated\">\n\t\t\t\t\r\n\t\t<div class=\"elementor-element elementor-element-54220de elementor-widget elementor-widget-edurateam\" data-id=\"54220de\" data-element_type=\"widget\" data-e-type=\"widget\" data-widget_type=\"edurateam.default\">\n\t\t\t\t<div class=\"elementor-widget-container\">\n\t\t\t\t\t<div class=\"row align-items-center gy-4\"><div class=\"col-sm-6 col-lg-4 col-xl-3\"><div class=\"team-card style3\"><div class=\"team-img-wrap\"><div class=\"team-img\"><img decoding=\"async\" src=\"http:\/\/www.efeakademi.com.tr\/wp-content\/uploads\/2024\/04\/WhatsApp-Image-2024-03-29-at-14.48.15.jpeg\" alt=\"WhatsApp Image 2024 03 29 at 14.48.15\"  \/><\/div><\/div><div class=\"team-hover-wrap\"><div class=\"team-social\"><a href=\"#\" class=\"icon-btn\"><i class=\"far fa-plus\"><\/i><\/a><div class=\"th-social\"><a href=\"https:\/\/www.facebook.com\/\" target=\"_blank\" rel=\"noopener\"><i class=\"fab fa-facebook-f\"><\/i><\/a><a href=\"https:\/\/www.twitter.com\/\" target=\"_blank\" rel=\"noopener\"><i class=\"fab fa-twitter\"><\/i><\/a><a href=\"https:\/\/www.instagram.com\/\" target=\"_blank\" rel=\"noopener\"><i class=\"fab fa-instagram\"><\/i><\/a><a href=\"https:\/\/www.linkedin.com\/\" target=\"_blank\" rel=\"noopener\"><i class=\"fab fa-linkedin-in\"><\/i><\/a><\/div><\/div><div class=\"team-content\"><h3 class=\"team-title\"><a  href=\"\">EMEL G\u00dcREL<\/a><\/h3><\/div><div class=\"team-info\"><\/div><\/div><\/div><\/div><div class=\"col-sm-6 col-lg-4 col-xl-3\"><div class=\"team-card style3\"><div class=\"team-img-wrap\"><div class=\"team-img\"><img decoding=\"async\" src=\"http:\/\/www.efeakademi.com.tr\/wp-content\/uploads\/2024\/04\/WhatsApp-Image-2024-03-29-at-14.57.21.jpeg\" alt=\"WhatsApp Image 2024 03 29 at 14.57.21\"  \/><\/div><\/div><div class=\"team-hover-wrap\"><div class=\"team-social\"><a href=\"#\" class=\"icon-btn\"><i class=\"far fa-plus\"><\/i><\/a><div class=\"th-social\"><\/div><\/div><div class=\"team-content\"><h3 class=\"team-title\"><a  href=\"#\">ORHAN \u00d6ZKAN<\/a><\/h3><span class=\"team-desig\">MADEN M\u00dcHEND\u0130S\u0130<\/span><\/div><div class=\"team-info\"><\/div><\/div><\/div><\/div><div class=\"col-sm-6 col-lg-4 col-xl-3\"><div class=\"team-card style3\"><div class=\"team-img-wrap\"><div class=\"team-img\"><img decoding=\"async\" src=\"http:\/\/www.efeakademi.com.tr\/wp-content\/uploads\/2024\/04\/WhatsApp-Image-2024-03-29-at-14.58.38.jpeg\" alt=\"WhatsApp Image 2024 03 29 at 14.58.38\"  \/><\/div><\/div><div class=\"team-hover-wrap\"><div class=\"team-social\"><a href=\"#\" class=\"icon-btn\"><i class=\"far fa-plus\"><\/i><\/a><div class=\"th-social\"><a href=\"https:\/\/www.facebook.com\/\" target=\"_blank\" rel=\"noopener\"><i class=\"fab fa-facebook-f\"><\/i><\/a><a href=\"https:\/\/www.twitter.com\/\" target=\"_blank\" rel=\"noopener\"><i class=\"fab fa-twitter\"><\/i><\/a><a href=\"https:\/\/www.instagram.com\/\" target=\"_blank\" rel=\"noopener\"><i class=\"fab fa-instagram\"><\/i><\/a><a href=\"https:\/\/www.linkedin.com\/\" target=\"_blank\" rel=\"noopener\"><i class=\"fab fa-linkedin-in\"><\/i><\/a><\/div><\/div><div class=\"team-content\"><h3 class=\"team-title\"><a  href=\"#\">HASAN H\u00dcSEY\u0130N KURT<\/a><\/h3><span class=\"team-desig\">A SINIFI \u0130\u015e G\u00dcVENL\u0130\u011e\u0130 UZMANI<\/span><\/div><div class=\"team-info\"><\/div><\/div><\/div><\/div><div class=\"col-sm-6 col-lg-4 col-xl-3\"><div class=\"team-card style3\"><div class=\"team-img-wrap\"><div class=\"team-img\"><img decoding=\"async\" src=\"http:\/\/www.efeakademi.com.tr\/wp-content\/uploads\/2024\/04\/WhatsApp-Image-2024-03-29-at-15.00.13.jpeg\" alt=\"WhatsApp Image 2024 03 29 at 15.00.13\"  \/><\/div><\/div><div class=\"team-hover-wrap\"><div class=\"team-social\"><a href=\"#\" class=\"icon-btn\"><i class=\"far fa-plus\"><\/i><\/a><div class=\"th-social\"><\/div><\/div><div class=\"team-content\"><h3 class=\"team-title\"><a  href=\"#\">SEL\u0130M KILI\u00c7<\/a><\/h3><span class=\"team-desig\">TIP HALK SA\u011eLI\u011eI UZMANI<\/span><\/div><div class=\"team-info\"><\/div><\/div><\/div><\/div><div class=\"col-sm-6 col-lg-4 col-xl-3\"><div class=\"team-card style3\"><div class=\"team-img-wrap\"><div class=\"team-img\"><img decoding=\"async\" src=\"http:\/\/www.efeakademi.com.tr\/wp-content\/uploads\/2024\/04\/WhatsApp-Image-2024-03-29-at-15.10.45.jpeg\" alt=\"WhatsApp Image 2024 03 29 at 15.10.45\"  \/><\/div><\/div><div class=\"team-hover-wrap\"><div class=\"team-social\"><a href=\"#\" class=\"icon-btn\"><i class=\"far fa-plus\"><\/i><\/a><div class=\"th-social\"><a href=\"https:\/\/www.facebook.com\/\" target=\"_blank\" rel=\"noopener\"><i class=\"fab fa-facebook-f\"><\/i><\/a><a href=\"https:\/\/www.twitter.com\/\" target=\"_blank\" rel=\"noopener\"><i class=\"fab fa-twitter\"><\/i><\/a><a href=\"https:\/\/www.instagram.com\/\" target=\"_blank\" rel=\"noopener\"><i class=\"fab fa-instagram\"><\/i><\/a><a href=\"https:\/\/www.linkedin.com\/\" target=\"_blank\" rel=\"noopener\"><i class=\"fab fa-linkedin-in\"><\/i><\/a><\/div><\/div><div class=\"team-content\"><h3 class=\"team-title\"><a  href=\"#\">H\u00dcSEY\u0130N ARSLAN<\/a><\/h3><span class=\"team-desig\">\u0130N\u015eAAT M\u00dcHEND\u0130S\u0130<\/span><\/div><div class=\"team-info\"><\/div><\/div><\/div><\/div><div class=\"col-sm-6 col-lg-4 col-xl-3\"><div class=\"team-card style3\"><div class=\"team-img-wrap\"><div class=\"team-img\"><img decoding=\"async\" src=\"http:\/\/www.efeakademi.com.tr\/wp-content\/uploads\/2024\/04\/WhatsApp-Image-2024-03-29-at-15.16.38.jpeg\" alt=\"WhatsApp Image 2024 03 29 at 15.16.38\"  \/><\/div><\/div><div class=\"team-hover-wrap\"><div class=\"team-social\"><a href=\"#\" class=\"icon-btn\"><i class=\"far fa-plus\"><\/i><\/a><div class=\"th-social\"><a href=\"https:\/\/www.facebook.com\/\" target=\"_blank\" rel=\"noopener\"><i class=\"fab fa-facebook-f\"><\/i><\/a><a href=\"https:\/\/www.twitter.com\/\" target=\"_blank\" rel=\"noopener\"><i class=\"fab fa-twitter\"><\/i><\/a><a href=\"https:\/\/www.instagram.com\/\" target=\"_blank\" rel=\"noopener\"><i class=\"fab fa-instagram\"><\/i><\/a><a href=\"https:\/\/www.linkedin.com\/\" target=\"_blank\" rel=\"noopener\"><i class=\"fab fa-linkedin-in\"><\/i><\/a><\/div><\/div><div class=\"team-content\"><h3 class=\"team-title\"><a  href=\"#\">ERK\u0130N NEJAT DEM\u0130RT\u00dcRK<\/a><\/h3><span class=\"team-desig\">A SINIFI \u0130SG UZMANI<\/span><\/div><div class=\"team-info\"><\/div><\/div><\/div><\/div><\/div>\t\t\t\t<\/div>\n\t\t\t\t<\/div>\n\t\t\t\t\t<\/div>\n\t\t<\/div>\n\t\t\t\t\t<\/div>\n\t\t<\/section>\n\t\t\t\t<section class=\"elementor-section elementor-top-section elementor-element elementor-element-c0bd7fa elementor-section-full_width elementor-section-height-default elementor-section-height-default\" data-id=\"c0bd7fa\" data-element_type=\"section\" data-e-type=\"section\" data-settings=\"{&quot;background_background&quot;:&quot;classic&quot;}\">\n\t\t\t\t\t\t<div class=\"elementor-container elementor-column-gap-no\">\n\t\t\t\t\t<div class=\"elementor-column elementor-col-100 elementor-top-column elementor-element elementor-element-71a129f\" data-id=\"71a129f\" data-element_type=\"column\" data-e-type=\"column\">\n\t\t\t<div class=\"elementor-widget-wrap elementor-element-populated\">\n\t\t\t\t\t\t<div class=\"shape-mockup elementor-element elementor-element-6dbdc9b elementor-widget elementor-widget-edurashapeimage\" data-id=\"6dbdc9b\" data-element_type=\"widget\" data-e-type=\"widget\" data-widget_type=\"edurashapeimage.default\">\n\t\t\t\t<div class=\"elementor-widget-container\">\n\t\t\t\t\t<div class=\"shape-mockup jump-reverse d-xxl-block d-none instructor_bg_shape2\" data-top=\"3%\" data-left=\"-15%\"><img decoding=\"async\" src=\"https:\/\/themeholy.com\/wordpress\/edura\/wp-content\/uploads\/2023\/07\/instructor_1_shape1.png\" alt=\"Efe Akademi\" ><\/div>\t\t\t\t<\/div>\n\t\t\t\t<\/div>\n\t\t\t\t<section class=\"elementor-section elementor-inner-section elementor-element elementor-element-24aae87 elementor-section-content-middle elementor-reverse-tablet elementor-reverse-mobile elementor-section-boxed elementor-section-height-default elementor-section-height-default\" data-id=\"24aae87\" data-element_type=\"section\" data-e-type=\"section\">\n\t\t\t\t\t\t<div class=\"elementor-container elementor-column-gap-no\">\n\t\t\t\t\t<div class=\"elementor-column elementor-col-50 elementor-inner-column elementor-element elementor-element-96dc0bb\" data-id=\"96dc0bb\" data-element_type=\"column\" data-e-type=\"column\">\n\t\t\t<div class=\"elementor-widget-wrap elementor-element-populated\">\n\t\t\t\t\t\t<div class=\"elementor-element elementor-element-0b32477 elementor-widget elementor-widget-edurasectiontitle\" data-id=\"0b32477\" data-element_type=\"widget\" data-e-type=\"widget\" data-widget_type=\"edurasectiontitle.default\">\n\t\t\t\t<div class=\"elementor-widget-container\">\n\t\t\t\t\t<div class=\"title-area mb-50\" ><span class=\"sub-title subtitle-selector\"><i class=\"fal fa-book me-2\"><\/i>NEDEN EFE AKADEM\u0130<\/span><h2 class=\"sec-title title-selector\">15 YILLIK TECR\u00dcBEM\u0130Z \u0130LE YANINIZDAYIZ...<\/h2><\/div>\t\t\t\t<\/div>\n\t\t\t\t<\/div>\n\t\t\t\t<div class=\"elementor-element elementor-element-4726f7b elementor-widget elementor-widget-edurafeature\" data-id=\"4726f7b\" data-element_type=\"widget\" data-e-type=\"widget\" data-widget_type=\"edurafeature.default\">\n\t\t\t\t<div class=\"elementor-widget-container\">\n\t\t\t\t\t<div class=\"row gy-4\"><div class=\"col-sm-6\"><div class=\"become-instructor-wrap\"><i class=\"fa-solid fa-badge-check\"><\/i><h4 class=\"box-title th-title\">Uzman E\u011fitmenler<\/h4><\/div><\/div><div class=\"col-sm-6\"><div class=\"become-instructor-wrap\"><i class=\"fa-solid fa-badge-check\"><\/i><h4 class=\"box-title th-title\">Akademik Kadro<\/h4><\/div><\/div><div class=\"col-sm-6\"><div class=\"become-instructor-wrap\"><i class=\"fa-solid fa-badge-check\"><\/i><h4 class=\"box-title th-title\">T\u00fcrkiye Geneli Hizmet<\/h4><\/div><\/div><div class=\"col-sm-6\"><div class=\"become-instructor-wrap\"><i class=\"fa-solid fa-badge-check\"><\/i><h4 class=\"box-title th-title\">Online &amp; Offline e\u011fitim se\u00e7enekleri <\/h4><\/div><\/div><\/div>\t\t\t\t<\/div>\n\t\t\t\t<\/div>\n\t\t\t\t\t<\/div>\n\t\t<\/div>\n\t\t\t\t<div class=\"elementor-column elementor-col-50 elementor-inner-column elementor-element elementor-element-22f0957\" data-id=\"22f0957\" data-element_type=\"column\" data-e-type=\"column\">\n\t\t\t<div class=\"elementor-widget-wrap elementor-element-populated\">\n\t\t\t\t\t\t<div class=\"elementor-element elementor-element-d5e4485 elementor-widget elementor-widget-image\" data-id=\"d5e4485\" data-element_type=\"widget\" data-e-type=\"widget\" data-widget_type=\"image.default\">\n\t\t\t\t<div class=\"elementor-widget-container\">\n\t\t\t\t\t\t\t\t\t\t\t\t\t\t\t<img fetchpriority=\"high\" decoding=\"async\" width=\"623\" height=\"535\" src=\"https:\/\/www.efeakademi.com.tr\/wp-content\/uploads\/2023\/07\/become-instructor-thumb-1-2-1.png\" class=\"attachment-full size-full wp-image-1981\" alt=\"\" srcset=\"https:\/\/www.efeakademi.com.tr\/wp-content\/uploads\/2023\/07\/become-instructor-thumb-1-2-1.png 623w, https:\/\/www.efeakademi.com.tr\/wp-content\/uploads\/2023\/07\/become-instructor-thumb-1-2-1-600x515.png 600w, https:\/\/www.efeakademi.com.tr\/wp-content\/uploads\/2023\/07\/become-instructor-thumb-1-2-1-300x258.png 300w, https:\/\/www.efeakademi.com.tr\/wp-content\/uploads\/2023\/07\/become-instructor-thumb-1-2-1-267x230.png 267w\" sizes=\"(max-width: 623px) 100vw, 623px\" \/>\t\t\t\t\t\t\t\t\t\t\t\t\t\t\t<\/div>\n\t\t\t\t<\/div>\n\t\t\t\t\t<\/div>\n\t\t<\/div>\n\t\t\t\t\t<\/div>\n\t\t<\/section>\n\t\t\t\t<div class=\"shape-mockup elementor-element elementor-element-f0eac40 elementor-widget elementor-widget-edurashapeimage\" data-id=\"f0eac40\" data-element_type=\"widget\" data-e-type=\"widget\" data-widget_type=\"edurashapeimage.default\">\n\t\t\t\t<div class=\"elementor-widget-container\">\n\t\t\t\t\t<div class=\"shape-mockup jump d-lg-block d-none instructor-bg-shape1\" data-bottom=\"30%\" data-left=\"3%\"><img decoding=\"async\" src=\"https:\/\/themeholy.com\/wordpress\/edura\/wp-content\/uploads\/2023\/07\/blog-3-bg-shape.png\" alt=\"Efe Akademi\" ><\/div>\t\t\t\t<\/div>\n\t\t\t\t<\/div>\n\t\t\t\t\t<\/div>\n\t\t<\/div>\n\t\t\t\t\t<\/div>\n\t\t<\/section>\n\t\t\t\t<\/div>\n\t\t","protected":false},"excerpt":{"rendered":"<p>EMEL G\u00dcREL ORHAN \u00d6ZKAN MADEN M\u00dcHEND\u0130S\u0130 HASAN H\u00dcSEY\u0130N KURT A SINIFI \u0130\u015e G\u00dcVENL\u0130\u011e\u0130 UZMANI SEL\u0130M KILI\u00c7 TIP HALK SA\u011eLI\u011eI UZMANI H\u00dcSEY\u0130N ARSLAN \u0130N\u015eAAT M\u00dcHEND\u0130S\u0130 ERK\u0130N NEJAT DEM\u0130RT\u00dcRK A SINIFI \u0130SG UZMANI NEDEN EFE AKADEM\u0130 15 YILLIK TECR\u00dcBEM\u0130Z \u0130LE YANINIZDAYIZ&#8230; Uzman E\u011fitmenler Akademik Kadro T\u00fcrkiye Geneli Hizmet Online &amp; Offline e\u011fitim se\u00e7enekleri<\/p>\n","protected":false},"author":1,"featured_media":0,"parent":0,"menu_order":0,"comment_status":"closed","ping_status":"closed","template":"template-builder.php","meta":{"_joinchat":[],"footnotes":""},"class_list":["post-2453","page","type-page","status-publish","hentry"],"_links":{"self":[{"href":"https:\/\/www.efeakademi.com.tr\/index.php\/wp-json\/wp\/v2\/pages\/2453","targetHints":{"allow":["GET"]}}],"collection":[{"href":"https:\/\/www.efeakademi.com.tr\/index.php\/wp-json\/wp\/v2\/pages"}],"about":[{"href":"https:\/\/www.efeakademi.com.tr\/index.php\/wp-json\/wp\/v2\/types\/page"}],"author":[{"embeddable":true,"href":"https:\/\/www.efeakademi.com.tr\/index.php\/wp-json\/wp\/v2\/users\/1"}],"replies":[{"embeddable":true,"href":"https:\/\/www.efeakademi.com.tr\/index.php\/wp-json\/wp\/v2\/comments?post=2453"}],"version-history":[{"count":31,"href":"https:\/\/www.efeakademi.com.tr\/index.php\/wp-json\/wp\/v2\/pages\/2453\/revisions"}],"predecessor-version":[{"id":7402,"href":"https:\/\/www.efeakademi.com.tr\/index.php\/wp-json\/wp\/v2\/pages\/2453\/revisions\/7402"}],"wp:attachment":[{"href":"https:\/\/www.efeakademi.com.tr\/index.php\/wp-json\/wp\/v2\/media?parent=2453"}],"curies":[{"name":"wp","href":"https:\/\/api.w.org\/{rel}","templated":true}]}}