{"id":6024,"date":"2024-04-13T23:16:03","date_gmt":"2024-04-13T23:16:03","guid":{"rendered":"https:\/\/www.efeakademi.com.tr\/?page_id=6024"},"modified":"2024-04-13T23:16:04","modified_gmt":"2024-04-13T23:16:04","slug":"is-sagligi-ve-guvenligi-mevzuatlarina-genel-bakis","status":"publish","type":"page","link":"https:\/\/www.efeakademi.com.tr\/index.php\/is-sagligi-ve-guvenligi-mevzuatlarina-genel-bakis\/","title":{"rendered":"\u0130\u015f Sa\u011fl\u0131\u011f\u0131 ve G\u00fcvenli\u011fi Mevzuatlar\u0131na Genel Bak\u0131\u015f"},"content":{"rendered":"\n<div id=\"ez-toc-container\" class=\"ez-toc-v2_0_82_2 counter-hierarchy ez-toc-counter ez-toc-grey ez-toc-container-direction\">\n<div class=\"ez-toc-title-container\">\n<p class=\"ez-toc-title\" style=\"cursor:inherit\">\u0130\u00e7indekiler<\/p>\n<span class=\"ez-toc-title-toggle\"><a href=\"#\" class=\"ez-toc-pull-right ez-toc-btn ez-toc-btn-xs ez-toc-btn-default ez-toc-toggle\" aria-label=\"\u0130\u00e7indekiler Tablosunu A\u00e7\/Kapat\"><span class=\"ez-toc-js-icon-con\"><span class=\"\"><span class=\"eztoc-hide\" style=\"display:none;\">Toggle<\/span><span class=\"ez-toc-icon-toggle-span\"><svg style=\"fill: #999;color:#999\" xmlns=\"http:\/\/www.w3.org\/2000\/svg\" class=\"list-377408\" width=\"20px\" height=\"20px\" viewBox=\"0 0 24 24\" fill=\"none\"><path d=\"M6 6H4v2h2V6zm14 0H8v2h12V6zM4 11h2v2H4v-2zm16 0H8v2h12v-2zM4 16h2v2H4v-2zm16 0H8v2h12v-2z\" fill=\"currentColor\"><\/path><\/svg><svg style=\"fill: #999;color:#999\" class=\"arrow-unsorted-368013\" xmlns=\"http:\/\/www.w3.org\/2000\/svg\" width=\"10px\" height=\"10px\" viewBox=\"0 0 24 24\" version=\"1.2\" baseProfile=\"tiny\"><path d=\"M18.2 9.3l-6.2-6.3-6.2 6.3c-.2.2-.3.4-.3.7s.1.5.3.7c.2.2.4.3.7.3h11c.3 0 .5-.1.7-.3.2-.2.3-.5.3-.7s-.1-.5-.3-.7zM5.8 14.7l6.2 6.3 6.2-6.3c.2-.2.3-.5.3-.7s-.1-.5-.3-.7c-.2-.2-.4-.3-.7-.3h-11c-.3 0-.5.1-.7.3-.2.2-.3.5-.3.7s.1.5.3.7z\"\/><\/svg><\/span><\/span><\/span><\/a><\/span><\/div>\n<nav><ul class='ez-toc-list ez-toc-list-level-1 eztoc-toggle-hide-by-default' ><li class='ez-toc-page-1 ez-toc-heading-level-4'><a class=\"ez-toc-link ez-toc-heading-1\" href=\"https:\/\/www.efeakademi.com.tr\/index.php\/is-sagligi-ve-guvenligi-mevzuatlarina-genel-bakis\/#Asbestle_Calismalarda_Saglik_ve_Guvenlik_Onlemleri\" >Asbestle \u00c7al\u0131\u015fmalarda Sa\u011fl\u0131k ve G\u00fcvenlik \u00d6nlemleri<\/a><\/li><li class='ez-toc-page-1 ez-toc-heading-level-4'><a class=\"ez-toc-link ez-toc-heading-2\" href=\"https:\/\/www.efeakademi.com.tr\/index.php\/is-sagligi-ve-guvenligi-mevzuatlarina-genel-bakis\/#Askeri_Isyerleri_ve_Yurt_Guvenligi_icin_Gerekli_Maddeler_Uretilen_Isyerlerinin_Denetimi\" >Askeri \u0130\u015fyerleri ve Yurt G\u00fcvenli\u011fi i\u00e7in Gerekli Maddeler \u00dcretilen \u0130\u015fyerlerinin Denetimi<\/a><\/li><li class='ez-toc-page-1 ez-toc-heading-level-4'><a class=\"ez-toc-link ez-toc-heading-3\" href=\"https:\/\/www.efeakademi.com.tr\/index.php\/is-sagligi-ve-guvenligi-mevzuatlarina-genel-bakis\/#Balikci_Gemilerinde_Yapilan_Calismalarda_Saglik_ve_Guvenlik_Onlemleri\" >Bal\u0131k\u00e7\u0131 Gemilerinde Yap\u0131lan \u00c7al\u0131\u015fmalarda Sa\u011fl\u0131k ve G\u00fcvenlik \u00d6nlemleri<\/a><\/li><li class='ez-toc-page-1 ez-toc-heading-level-4'><a class=\"ez-toc-link ez-toc-heading-4\" href=\"https:\/\/www.efeakademi.com.tr\/index.php\/is-sagligi-ve-guvenligi-mevzuatlarina-genel-bakis\/#Binalarin_Yangindan_Korunmasi\" >Binalar\u0131n Yang\u0131ndan Korunmas\u0131<\/a><\/li><li class='ez-toc-page-1 ez-toc-heading-level-4'><a class=\"ez-toc-link ez-toc-heading-5\" href=\"https:\/\/www.efeakademi.com.tr\/index.php\/is-sagligi-ve-guvenligi-mevzuatlarina-genel-bakis\/#Biyolojik_Etkenlere_Maruziyet_Risklerinin_Onlenmesi\" >Biyolojik Etkenlere Maruziyet Risklerinin \u00d6nlenmesi<\/a><\/li><li class='ez-toc-page-1 ez-toc-heading-level-4'><a class=\"ez-toc-link ez-toc-heading-6\" href=\"https:\/\/www.efeakademi.com.tr\/index.php\/is-sagligi-ve-guvenligi-mevzuatlarina-genel-bakis\/#Calisanlarin_Gurultu_ile_Ilgili_Risklerden_Korunmalarina_Dair_Yonetmelik\" >\u00c7al\u0131\u015fanlar\u0131n G\u00fcr\u00fclt\u00fc ile \u0130lgili Risklerden Korunmalar\u0131na Dair Y\u00f6netmelik<\/a><\/li><li class='ez-toc-page-1 ez-toc-heading-level-4'><a class=\"ez-toc-link ez-toc-heading-7\" href=\"https:\/\/www.efeakademi.com.tr\/index.php\/is-sagligi-ve-guvenligi-mevzuatlarina-genel-bakis\/#Calisanlarin_Is_Sagligi_ve_Guvenligi_Egitimlerinin_Usul_ve_Esaslari\" >\u00c7al\u0131\u015fanlar\u0131n \u0130\u015f Sa\u011fl\u0131\u011f\u0131 ve G\u00fcvenli\u011fi E\u011fitimlerinin Usul ve Esaslar\u0131<\/a><\/li><li class='ez-toc-page-1 ez-toc-heading-level-4'><a class=\"ez-toc-link ez-toc-heading-8\" href=\"https:\/\/www.efeakademi.com.tr\/index.php\/is-sagligi-ve-guvenligi-mevzuatlarina-genel-bakis\/#Calisanlarin_Patlayici_Ortamlarin_Tehlikelerinden_Korunmasi\" >\u00c7al\u0131\u015fanlar\u0131n Patlay\u0131c\u0131 Ortamlar\u0131n Tehlikelerinden Korunmas\u0131<\/a><\/li><li class='ez-toc-page-1 ez-toc-heading-level-4'><a class=\"ez-toc-link ez-toc-heading-9\" href=\"https:\/\/www.efeakademi.com.tr\/index.php\/is-sagligi-ve-guvenligi-mevzuatlarina-genel-bakis\/#Diger_yonetmelikler_de_benzer_sekilde_ozel_saglik_ve_guvenlik_kosullarina_yonelik_detayli_duzenlemeler_icerir_Her_biri_belirli_bir_risk_faktorunu_veya_is_kategorisini_hedef_alarak_calisma_ortamini_daha_guvenli_ve_saglikli_hale_getirmeyi_amaclar_Bu_yonetmelikler_is_guvenligi_uzmanlarinin_isyeri_hekimlerinin_ve_diger_saglik_personelinin_gorevlerini_yerine_getirirken_uymalari_gereken_kurallari_ve_standartlari_belirlerken_ayni_zamanda_is_yerlerinde_acil_durumlar_kisisel_koruyucu_donanimlarin_kullanimi_ve_tehlikeli_maddelerle_calisma_gibi_konularda_da_yonlendirici_olmaktadir\" >Di\u011fer y\u00f6netmelikler de benzer \u015fekilde, \u00f6zel sa\u011fl\u0131k ve g\u00fcvenlik ko\u015fullar\u0131na y\u00f6nelik detayl\u0131 d\u00fczenlemeler i\u00e7erir. Her biri, belirli bir risk fakt\u00f6r\u00fcn\u00fc veya i\u015f kategorisini hedef alarak, \u00e7al\u0131\u015fma ortam\u0131n\u0131 daha g\u00fcvenli ve sa\u011fl\u0131kl\u0131 hale getirmeyi ama\u00e7lar. Bu y\u00f6netmelikler, i\u015f g\u00fcvenli\u011fi uzmanlar\u0131n\u0131n, i\u015fyeri hekimlerinin ve di\u011fer sa\u011fl\u0131k personelinin g\u00f6revlerini yerine getirirken uymalar\u0131 gereken kurallar\u0131 ve standartlar\u0131 belirlerken ayn\u0131 zamanda i\u015f yerlerinde acil durumlar, ki\u015fisel koruyucu donan\u0131mlar\u0131n kullan\u0131m\u0131 ve tehlikeli maddelerle \u00e7al\u0131\u015fma gibi konularda da y\u00f6nlendirici olmaktad\u0131r.<\/a><\/li><\/ul><\/nav><\/div>\n<h4 class=\"wp-block-heading\"><span class=\"ez-toc-section\" id=\"Asbestle_Calismalarda_Saglik_ve_Guvenlik_Onlemleri\"><\/span>Asbestle \u00c7al\u0131\u015fmalarda Sa\u011fl\u0131k ve G\u00fcvenlik \u00d6nlemleri<span class=\"ez-toc-section-end\"><\/span><\/h4>\n\n\n\n<p>Asbest kullan\u0131m\u0131n\u0131n yaratt\u0131\u011f\u0131 sa\u011fl\u0131k riskleri nedeniyle, bu maddenin kullan\u0131ld\u0131\u011f\u0131 i\u015f alanlar\u0131nda uygulanacak sa\u011fl\u0131k ve g\u00fcvenlik \u00f6nlemlerini belirleyen y\u00f6netmelik, \u00e7al\u0131\u015fanlar\u0131n asbestle temas\u0131n\u0131n olu\u015fturabilece\u011fi tehlikeleri minimize etmeyi ama\u00e7lamaktad\u0131r.<\/p>\n\n\n\n<h4 class=\"wp-block-heading\"><span class=\"ez-toc-section\" id=\"Askeri_Isyerleri_ve_Yurt_Guvenligi_icin_Gerekli_Maddeler_Uretilen_Isyerlerinin_Denetimi\"><\/span>Askeri \u0130\u015fyerleri ve Yurt G\u00fcvenli\u011fi i\u00e7in Gerekli Maddeler \u00dcretilen \u0130\u015fyerlerinin Denetimi<span class=\"ez-toc-section-end\"><\/span><\/h4>\n\n\n\n<p>Bu y\u00f6netmelik, askeri ama\u00e7lar ve yurt g\u00fcvenli\u011fi i\u00e7in kritik \u00f6neme sahip maddelerin \u00fcretildi\u011fi i\u015f yerlerinin denetlenmesi, tefti\u015fi ve gerekirse i\u015flerin durdurulmas\u0131 prosed\u00fcrlerini d\u00fczenlemektedir.<\/p>\n\n\n\n<h4 class=\"wp-block-heading\"><span class=\"ez-toc-section\" id=\"Balikci_Gemilerinde_Yapilan_Calismalarda_Saglik_ve_Guvenlik_Onlemleri\"><\/span>Bal\u0131k\u00e7\u0131 Gemilerinde Yap\u0131lan \u00c7al\u0131\u015fmalarda Sa\u011fl\u0131k ve G\u00fcvenlik \u00d6nlemleri<span class=\"ez-toc-section-end\"><\/span><\/h4>\n\n\n\n<p>Bal\u0131k\u00e7\u0131 gemileri, \u00f6zg\u00fcl \u00e7al\u0131\u015fma ko\u015fullar\u0131 nedeniyle y\u00fcksek risk ta\u015f\u0131yan alanlard\u0131r. Bu y\u00f6netmelik, gemide \u00e7al\u0131\u015fanlar\u0131n sa\u011fl\u0131k ve g\u00fcvenli\u011fini korumak i\u00e7in gerekli \u00f6nlemleri ve prosed\u00fcrleri tan\u0131mlar.<\/p>\n\n\n\n<h4 class=\"wp-block-heading\"><span class=\"ez-toc-section\" id=\"Binalarin_Yangindan_Korunmasi\"><\/span>Binalar\u0131n Yang\u0131ndan Korunmas\u0131<span class=\"ez-toc-section-end\"><\/span><\/h4>\n\n\n\n<p>Bu y\u00f6netmelik, yang\u0131n riskinin \u00f6nlenmesi ve yang\u0131n durumunda zarar\u0131n azalt\u0131lmas\u0131 i\u00e7in binalarda al\u0131nmas\u0131 gereken \u00f6nlemleri kapsamaktad\u0131r.<\/p>\n\n\n\n<h4 class=\"wp-block-heading\"><span class=\"ez-toc-section\" id=\"Biyolojik_Etkenlere_Maruziyet_Risklerinin_Onlenmesi\"><\/span>Biyolojik Etkenlere Maruziyet Risklerinin \u00d6nlenmesi<span class=\"ez-toc-section-end\"><\/span><\/h4>\n\n\n\n<p>\u00c7al\u0131\u015fma ortamlar\u0131nda biyolojik etkenlere maruz kalma risklerini y\u00f6netmek i\u00e7in haz\u0131rlanan bu y\u00f6netmelik, risklerin de\u011ferlendirilmesi ve kontrol alt\u0131na al\u0131nmas\u0131 i\u00e7in standartlar belirler.<\/p>\n\n\n\n<h4 class=\"wp-block-heading\"><span class=\"ez-toc-section\" id=\"Calisanlarin_Gurultu_ile_Ilgili_Risklerden_Korunmalarina_Dair_Yonetmelik\"><\/span>\u00c7al\u0131\u015fanlar\u0131n G\u00fcr\u00fclt\u00fc ile \u0130lgili Risklerden Korunmalar\u0131na Dair Y\u00f6netmelik<span class=\"ez-toc-section-end\"><\/span><\/h4>\n\n\n\n<p>Bu y\u00f6netmelik, i\u015f yerlerinde maruz kal\u0131nan y\u00fcksek g\u00fcr\u00fclt\u00fc d\u00fczeylerinin yol a\u00e7abilece\u011fi sa\u011fl\u0131k sorunlar\u0131n\u0131 \u00f6nlemek amac\u0131yla haz\u0131rlanm\u0131\u015ft\u0131r.<\/p>\n\n\n\n<h4 class=\"wp-block-heading\"><span class=\"ez-toc-section\" id=\"Calisanlarin_Is_Sagligi_ve_Guvenligi_Egitimlerinin_Usul_ve_Esaslari\"><\/span>\u00c7al\u0131\u015fanlar\u0131n \u0130\u015f Sa\u011fl\u0131\u011f\u0131 ve G\u00fcvenli\u011fi E\u011fitimlerinin Usul ve Esaslar\u0131<span class=\"ez-toc-section-end\"><\/span><\/h4>\n\n\n\n<p>\u0130\u015f sa\u011fl\u0131\u011f\u0131 ve g\u00fcvenli\u011fi e\u011fitimlerinin nas\u0131l y\u00fcr\u00fct\u00fclece\u011fini, kimler taraf\u0131ndan verilece\u011fini ve e\u011fitim i\u00e7eriklerini d\u00fczenleyen bu y\u00f6netmelik, \u00e7al\u0131\u015fanlar\u0131n bu alandaki bilgi ve becerilerinin art\u0131r\u0131lmas\u0131n\u0131 hedefler.<\/p>\n\n\n\n<h4 class=\"wp-block-heading\"><span class=\"ez-toc-section\" id=\"Calisanlarin_Patlayici_Ortamlarin_Tehlikelerinden_Korunmasi\"><\/span>\u00c7al\u0131\u015fanlar\u0131n Patlay\u0131c\u0131 Ortamlar\u0131n Tehlikelerinden Korunmas\u0131<span class=\"ez-toc-section-end\"><\/span><\/h4>\n\n\n\n<p>Patlay\u0131c\u0131 ortamlarda \u00e7al\u0131\u015fan personelin g\u00fcvenli\u011fini sa\u011flamak i\u00e7in gerekli \u00f6nlemleri ve prosed\u00fcrleri belirleyen y\u00f6netmelik, potansiyel tehlikelerin \u00f6nlenmesine y\u00f6neliktir.<\/p>\n\n\n\n<h4 class=\"wp-block-heading\"><span class=\"ez-toc-section\" id=\"Diger_yonetmelikler_de_benzer_sekilde_ozel_saglik_ve_guvenlik_kosullarina_yonelik_detayli_duzenlemeler_icerir_Her_biri_belirli_bir_risk_faktorunu_veya_is_kategorisini_hedef_alarak_calisma_ortamini_daha_guvenli_ve_saglikli_hale_getirmeyi_amaclar_Bu_yonetmelikler_is_guvenligi_uzmanlarinin_isyeri_hekimlerinin_ve_diger_saglik_personelinin_gorevlerini_yerine_getirirken_uymalari_gereken_kurallari_ve_standartlari_belirlerken_ayni_zamanda_is_yerlerinde_acil_durumlar_kisisel_koruyucu_donanimlarin_kullanimi_ve_tehlikeli_maddelerle_calisma_gibi_konularda_da_yonlendirici_olmaktadir\"><\/span>Di\u011fer y\u00f6netmelikler de benzer \u015fekilde, \u00f6zel sa\u011fl\u0131k ve g\u00fcvenlik ko\u015fullar\u0131na y\u00f6nelik detayl\u0131 d\u00fczenlemeler i\u00e7erir. Her biri, belirli bir risk fakt\u00f6r\u00fcn\u00fc veya i\u015f kategorisini hedef alarak, \u00e7al\u0131\u015fma ortam\u0131n\u0131 daha g\u00fcvenli ve sa\u011fl\u0131kl\u0131 hale getirmeyi ama\u00e7lar. Bu y\u00f6netmelikler, i\u015f g\u00fcvenli\u011fi uzmanlar\u0131n\u0131n, i\u015fyeri hekimlerinin ve di\u011fer sa\u011fl\u0131k personelinin g\u00f6revlerini yerine getirirken uymalar\u0131 gereken kurallar\u0131 ve standartlar\u0131 belirlerken ayn\u0131 zamanda i\u015f yerlerinde acil durumlar, ki\u015fisel koruyucu donan\u0131mlar\u0131n kullan\u0131m\u0131 ve tehlikeli maddelerle \u00e7al\u0131\u015fma gibi konularda da y\u00f6nlendirici olmaktad\u0131r.<span class=\"ez-toc-section-end\"><\/span><\/h4>\n\n\n\n<p>Bu d\u00fczenlemeler, i\u015f sa\u011fl\u0131\u011f\u0131 ve g\u00fcvenli\u011fi alan\u0131nda ulusal d\u00fczeyde belirlenen standartlar\u0131 yans\u0131tarak, \u00e7al\u0131\u015fma ortamlar\u0131n\u0131 daha g\u00fcvenli ve sa\u011fl\u0131kl\u0131 k\u0131lmak i\u00e7in zorunlu h\u00fck\u00fcmler i\u00e7erir.<\/p>\n","protected":false},"excerpt":{"rendered":"<p>Asbestle \u00c7al\u0131\u015fmalarda Sa\u011fl\u0131k ve G\u00fcvenlik \u00d6nlemleri Asbest kullan\u0131m\u0131n\u0131n yaratt\u0131\u011f\u0131 sa\u011fl\u0131k riskleri nedeniyle, bu maddenin kullan\u0131ld\u0131\u011f\u0131 i\u015f alanlar\u0131nda uygulanacak sa\u011fl\u0131k ve g\u00fcvenlik \u00f6nlemlerini belirleyen y\u00f6netmelik, \u00e7al\u0131\u015fanlar\u0131n asbestle temas\u0131n\u0131n olu\u015fturabilece\u011fi tehlikeleri minimize etmeyi ama\u00e7lamaktad\u0131r. Askeri \u0130\u015fyerleri ve Yurt G\u00fcvenli\u011fi i\u00e7in Gerekli Maddeler \u00dcretilen \u0130\u015fyerlerinin Denetimi Bu y\u00f6netmelik, askeri ama\u00e7lar ve yurt g\u00fcvenli\u011fi i\u00e7in kritik \u00f6neme sahip maddelerin&#8230;<\/p>\n","protected":false},"author":1,"featured_media":0,"parent":0,"menu_order":0,"comment_status":"closed","ping_status":"closed","template":"","meta":{"_joinchat":[],"footnotes":""},"class_list":["post-6024","page","type-page","status-publish","hentry","page--item"],"_links":{"self":[{"href":"https:\/\/www.efeakademi.com.tr\/index.php\/wp-json\/wp\/v2\/pages\/6024","targetHints":{"allow":["GET"]}}],"collection":[{"href":"https:\/\/www.efeakademi.com.tr\/index.php\/wp-json\/wp\/v2\/pages"}],"about":[{"href":"https:\/\/www.efeakademi.com.tr\/index.php\/wp-json\/wp\/v2\/types\/page"}],"author":[{"embeddable":true,"href":"https:\/\/www.efeakademi.com.tr\/index.php\/wp-json\/wp\/v2\/users\/1"}],"replies":[{"embeddable":true,"href":"https:\/\/www.efeakademi.com.tr\/index.php\/wp-json\/wp\/v2\/comments?post=6024"}],"version-history":[{"count":1,"href":"https:\/\/www.efeakademi.com.tr\/index.php\/wp-json\/wp\/v2\/pages\/6024\/revisions"}],"predecessor-version":[{"id":6025,"href":"https:\/\/www.efeakademi.com.tr\/index.php\/wp-json\/wp\/v2\/pages\/6024\/revisions\/6025"}],"wp:attachment":[{"href":"https:\/\/www.efeakademi.com.tr\/index.php\/wp-json\/wp\/v2\/media?parent=6024"}],"curies":[{"name":"wp","href":"https:\/\/api.w.org\/{rel}","templated":true}]}}