{"id":6068,"date":"2024-04-14T09:50:05","date_gmt":"2024-04-14T09:50:05","guid":{"rendered":"https:\/\/www.efeakademi.com.tr\/?page_id=6068"},"modified":"2025-12-24T14:56:11","modified_gmt":"2025-12-24T11:56:11","slug":"is-yeri-hekimligi-kursu","status":"publish","type":"page","link":"https:\/\/www.efeakademi.com.tr\/index.php\/is-yeri-hekimligi-kursu\/","title":{"rendered":"\u0130\u015f Yeri Hekimli\u011fi Kursu"},"content":{"rendered":"\r\n<p>Efe Akademi, \u0130\u015f Sa\u011fl\u0131\u011f\u0131 ve G\u00fcvenli\u011fi (\u0130SG) alan\u0131nda 15 y\u0131ll\u0131k derin tecr\u00fcbesiyle, sekt\u00f6rdeki en g\u00fcncel ve kapsaml\u0131 \u0130\u015fyeri Hekimli\u011fi Kurslar\u0131n\u0131 sunmaktad\u0131r. Tecr\u00fcbeli e\u011fitmen kadromuz, teorik bilgilerin yan\u0131 s\u0131ra prati\u011fe dayal\u0131 zorluklara haz\u0131rl\u0131k konusunda da kursiyerlerimizi donatmaktad\u0131r.<\/p>\r\n\r\n\r\n\r\n<div id=\"ez-toc-container\" class=\"ez-toc-v2_0_82_2 counter-hierarchy ez-toc-counter ez-toc-grey ez-toc-container-direction\">\n<div class=\"ez-toc-title-container\">\n<p class=\"ez-toc-title\" style=\"cursor:inherit\">\u0130\u00e7indekiler<\/p>\n<span class=\"ez-toc-title-toggle\"><a href=\"#\" class=\"ez-toc-pull-right ez-toc-btn ez-toc-btn-xs ez-toc-btn-default ez-toc-toggle\" aria-label=\"\u0130\u00e7indekiler Tablosunu A\u00e7\/Kapat\"><span class=\"ez-toc-js-icon-con\"><span class=\"\"><span class=\"eztoc-hide\" style=\"display:none;\">Toggle<\/span><span class=\"ez-toc-icon-toggle-span\"><svg style=\"fill: #999;color:#999\" xmlns=\"http:\/\/www.w3.org\/2000\/svg\" class=\"list-377408\" width=\"20px\" height=\"20px\" viewBox=\"0 0 24 24\" fill=\"none\"><path d=\"M6 6H4v2h2V6zm14 0H8v2h12V6zM4 11h2v2H4v-2zm16 0H8v2h12v-2zM4 16h2v2H4v-2zm16 0H8v2h12v-2z\" fill=\"currentColor\"><\/path><\/svg><svg style=\"fill: #999;color:#999\" class=\"arrow-unsorted-368013\" xmlns=\"http:\/\/www.w3.org\/2000\/svg\" width=\"10px\" height=\"10px\" viewBox=\"0 0 24 24\" version=\"1.2\" baseProfile=\"tiny\"><path d=\"M18.2 9.3l-6.2-6.3-6.2 6.3c-.2.2-.3.4-.3.7s.1.5.3.7c.2.2.4.3.7.3h11c.3 0 .5-.1.7-.3.2-.2.3-.5.3-.7s-.1-.5-.3-.7zM5.8 14.7l6.2 6.3 6.2-6.3c.2-.2.3-.5.3-.7s-.1-.5-.3-.7c-.2-.2-.4-.3-.7-.3h-11c-.3 0-.5.1-.7.3-.2.2-.3.5-.3.7s.1.5.3.7z\"\/><\/svg><\/span><\/span><\/span><\/a><\/span><\/div>\n<nav><ul class='ez-toc-list ez-toc-list-level-1 eztoc-toggle-hide-by-default' ><li class='ez-toc-page-1 ez-toc-heading-level-4'><a class=\"ez-toc-link ez-toc-heading-1\" href=\"https:\/\/www.efeakademi.com.tr\/index.php\/is-yeri-hekimligi-kursu\/#Kimler_Isyeri_Hekimi_Olabilir\" >Kimler \u0130\u015fyeri Hekimi Olabilir?<\/a><\/li><li class='ez-toc-page-1 ez-toc-heading-level-4'><a class=\"ez-toc-link ez-toc-heading-2\" href=\"https:\/\/www.efeakademi.com.tr\/index.php\/is-yeri-hekimligi-kursu\/#Isyeri_Hekimligi_Kursu_Icerigi\" >\u0130\u015fyeri Hekimli\u011fi Kursu \u0130\u00e7eri\u011fi<\/a><\/li><li class='ez-toc-page-1 ez-toc-heading-level-4'><a class=\"ez-toc-link ez-toc-heading-3\" href=\"https:\/\/www.efeakademi.com.tr\/index.php\/is-yeri-hekimligi-kursu\/#Isyeri_Hekimligi_Sinavi\" >\u0130\u015fyeri Hekimli\u011fi S\u0131nav\u0131<\/a><\/li><li class='ez-toc-page-1 ez-toc-heading-level-4'><a class=\"ez-toc-link ez-toc-heading-4\" href=\"https:\/\/www.efeakademi.com.tr\/index.php\/is-yeri-hekimligi-kursu\/#Sikca_Sorulan_Sorular\" >S\u0131k\u00e7a Sorulan Sorular<\/a><\/li><\/ul><\/nav><\/div>\n<h4 class=\"wp-block-heading\"><span class=\"ez-toc-section\" id=\"Kimler_Isyeri_Hekimi_Olabilir\"><\/span>Kimler \u0130\u015fyeri Hekimi Olabilir?<span class=\"ez-toc-section-end\"><\/span><\/h4>\r\n\r\n\r\n\r\n<p>\u0130\u015fyeri hekimli\u011fi, \u0130SG alan\u0131nda uzmanla\u015fmay\u0131 hedefleyen hekimler i\u00e7in \u00e7e\u015fitli kariyer yollar\u0131 sunar. \u0130\u015fte i\u015fyeri hekimli\u011fi belgesi almak i\u00e7in gerekenler:<\/p>\r\n\r\n\r\n\r\n<ul class=\"wp-block-list\">\r\n<li>T\u0131p Fak\u00fcltesi Mezunlar\u0131:\r\n<ul class=\"wp-block-list\">\r\n<li>Diploma: T\u0131p fak\u00fcltesi mezunu olmak.<\/li>\r\n\r\n\r\n\r\n<li>E\u011fitim ve Sertifikasyon: \u0130lgili kurumlardan al\u0131nan i\u015fyeri hekimli\u011fi e\u011fitimi ve s\u0131navda ba\u015far\u0131.<\/li>\r\n\r\n\r\n\r\n<li>S\u0131nav Ba\u015far\u0131s\u0131: 100 soruluk s\u0131navdan en az 70 puan almak.<\/li>\r\n<\/ul>\r\n<\/li>\r\n\r\n\r\n\r\n<li>Tecr\u00fcbeli \u0130\u015f Sa\u011fl\u0131\u011f\u0131 Uzmanlar\u0131:\r\n<ul class=\"wp-block-list\">\r\n<li>En az be\u015f y\u0131l \u0130SG alan\u0131nda tecr\u00fcbe edinmi\u015f hekimler, bakanl\u0131k s\u0131nav\u0131nda ba\u015far\u0131l\u0131 olmalar\u0131 durumunda i\u015fyeri hekimli\u011fi belgesi alabilirler.<\/li>\r\n<\/ul>\r\n<\/li>\r\n\r\n\r\n\r\n<li>Uzman Doktorlar ve Halk Sa\u011fl\u0131\u011f\u0131 Uzmanlar\u0131:\r\n<ul class=\"wp-block-list\">\r\n<li>\u0130\u015f ve meslek hastal\u0131klar\u0131 veya i\u015fyeri hekimli\u011fi yan dal uzmanlar\u0131, ve i\u015f sa\u011fl\u0131\u011f\u0131 ve g\u00fcvenli\u011fi konusunda e\u011fitim alm\u0131\u015f halk sa\u011fl\u0131\u011f\u0131 uzmanlar\u0131.<\/li>\r\n<\/ul>\r\n<\/li>\r\n\r\n\r\n\r\n<li>Yurtd\u0131\u015f\u0131 Belgeli Hekimler:\r\n<ul class=\"wp-block-list\">\r\n<li>Yurtd\u0131\u015f\u0131ndan al\u0131nm\u0131\u015f ve T\u00fcrkiye&#8217;de bakanl\u0131k taraf\u0131ndan onaylanm\u0131\u015f i\u015fyeri hekimli\u011fi belgesi olanlar, T\u00fcrkiye&#8217;de s\u0131nav\u0131 ge\u00e7tiklerinde i\u015fyeri hekimli\u011fi yapabilir.<\/li>\r\n<\/ul>\r\n<\/li>\r\n<\/ul>\r\n\r\n\r\n\r\n<h4 class=\"wp-block-heading\"><span class=\"ez-toc-section\" id=\"Isyeri_Hekimligi_Kursu_Icerigi\"><\/span>\u0130\u015fyeri Hekimli\u011fi Kursu \u0130\u00e7eri\u011fi<span class=\"ez-toc-section-end\"><\/span><\/h4>\r\n\r\n\r\n\r\n<p>\u0130\u015fyeri Hekimli\u011fi Kursu, 220 saatlik bir e\u011fitimi kapsar. Bu s\u00fcre\u00e7, teorik ve pratik mod\u00fcllerden olu\u015fur:<\/p>\r\n\r\n\r\n\r\n<ul class=\"wp-block-list\">\r\n<li>Teorik E\u011fitim: \u0130lk 180 saat, \u00e7evrimd\u0131\u015f\u0131 ve \u00e7evrimi\u00e7i olarak i\u015f sa\u011fl\u0131\u011f\u0131 ve g\u00fcvenli\u011fi ile ilgili temel konular \u00fczerinden verilir.<\/li>\r\n\r\n\r\n\r\n<li>Pratik E\u011fitim: Son 40 saat, i\u015f yerinde uygulamal\u0131 e\u011fitim olarak d\u00fczenlenir.<\/li>\r\n<\/ul>\r\n\r\n\r\n\r\n<h4 class=\"wp-block-heading\"><span class=\"ez-toc-section\" id=\"Isyeri_Hekimligi_Sinavi\"><\/span>\u0130\u015fyeri Hekimli\u011fi S\u0131nav\u0131<span class=\"ez-toc-section-end\"><\/span><\/h4>\r\n\r\n\r\n\r\n<ul class=\"wp-block-list\">\r\n<li>Zamanlama: \u0130\u015fyeri hekimli\u011fi s\u0131navlar\u0131, 2026 y\u0131l\u0131nda May\u0131s ve Aral\u0131k aylar\u0131nda olmak \u00fczere y\u0131lda 2 (iki) kez yap\u0131lacakt\u0131r. \u00c7al\u0131\u015fma ve Sosyal G\u00fcvenlik Bakanl\u0131\u011f\u0131 (\u0130SGGM) duyurusuna g\u00f6re s\u0131navlar, Gazi \u00dcniversitesi \u00d6l\u00e7me ve De\u011ferlendirme Uygulama ve Ara\u015ft\u0131rma Merkezi (GAZ\u0130\u00d6DM) taraf\u0131ndan ger\u00e7ekle\u015ftirilecektir; kesin g\u00fcnler ve ba\u015fvuru takvimi ayr\u0131ca ilan edilir.<\/li>\r\n\r\n\r\n\r\n<li>Kat\u0131l\u0131m Ko\u015fullar\u0131: \u0130\u015fyeri hekimli\u011fi s\u0131nav\u0131na ba\u015fvurabilmek i\u00e7in, Bakanl\u0131k\u00e7a yetkilendirilmi\u015f e\u011fitim kurumundan y\u00fcr\u00fct\u00fclen i\u015fyeri hekimli\u011fi e\u011fitim program\u0131n\u0131n tamamlanm\u0131\u015f olmas\u0131 gerekir. Bu program; 180 saat teorik (teori\u011fin en fazla yar\u0131s\u0131 uzaktan olabilir) ve 40 saatten az olmayacak \u015fekilde uygulama\/staj olmak \u00fczere toplam 220 saatten az olamaz.<\/li>\r\n<\/ul>\r\n\r\n\r\n\r\n<h4 class=\"wp-block-heading\"><span class=\"ez-toc-section\" id=\"Sikca_Sorulan_Sorular\"><\/span>S\u0131k\u00e7a Sorulan Sorular<span class=\"ez-toc-section-end\"><\/span><\/h4>\r\n\r\n\r\n\r\n<p>\u0130\u015fyeri Hekimli\u011fi Kursuna Kimler Kat\u0131labilir?<\/p>\r\n\r\n\r\n\r\n<p>Herhangi bir t\u0131p fak\u00fcltesi mezunu bu kursa kat\u0131labilir. Yurtd\u0131\u015f\u0131 mezunlar\u0131 da T\u00fcrkiye&#8217;deki denklik i\u015flemlerini tamamlad\u0131ktan sonra kat\u0131labilirler.<\/p>\r\n\r\n\r\n\r\n<p>\u0130\u015fyeri Hekimli\u011fi Kurs Kay\u0131t Belgeleri Nelerdir?<\/p>\r\n\r\n\r\n\r\n<ul class=\"wp-block-list\">\r\n<li>Kimlik Fotokopisi<\/li>\r\n\r\n\r\n\r\n<li>Diploma (e-devlet \u00fczerinden al\u0131nan mezuniyet belgesi de kabul edilir)<\/li>\r\n\r\n\r\n\r\n<li>Vukuatl\u0131 n\u00fcfus kay\u0131t \u00f6rne\u011fi (gerekli durumlarda)<\/li>\r\n\r\n\r\n\r\n<li>Ba\u015fvuru formu<\/li>\r\n<\/ul>\r\n\r\n\r\n\r\n<p>\u0130\u015fyeri Hekimli\u011fi Kursuna Nas\u0131l Kay\u0131t Yapt\u0131rabilirim?<\/p>\r\n\r\n\r\n\r\n<p>Efe Akademi web sitesi \u00fczerinden online olarak veya do\u011frudan kurumumuzla ileti\u015fime ge\u00e7erek kayd\u0131n\u0131z\u0131 ger\u00e7ekle\u015ftirebilirsiniz.<\/p>\r\n\r\n\r\n\r\n<p>\u0130\u015fyeri Hekimli\u011fi Kursu E\u011fitim S\u00fcresi Ne Kadard\u0131r?<\/p>\r\n\r\n\r\n\r\n<p>Toplamda 220 saatlik bir e\u011fitim s\u00fcresi vard\u0131r. \u0130lk 180 saat teorik, son 40 saat uygulamal\u0131 e\u011fitim \u015feklindedir.<\/p>\r\n\r\n\r\n\r\n<p>Efe Akademi, sekt\u00f6rdeki en kaliteli \u0130\u015fyeri Hekimli\u011fi e\u011fitimlerini sunmakta ve her y\u0131l onlarca hekimi i\u015f sa\u011fl\u0131\u011f\u0131 ve g\u00fcvenli\u011fi profesyonelleri olarak yeti\u015ftirmektedir. Bizimle ileti\u015fime ge\u00e7erek kariyerinize sa\u011flam bir ad\u0131m at\u0131n.<\/p>\r\n","protected":false},"excerpt":{"rendered":"<p>Efe Akademi, \u0130\u015f Sa\u011fl\u0131\u011f\u0131 ve G\u00fcvenli\u011fi (\u0130SG) alan\u0131nda 15 y\u0131ll\u0131k derin tecr\u00fcbesiyle, sekt\u00f6rdeki en g\u00fcncel ve kapsaml\u0131 \u0130\u015fyeri Hekimli\u011fi Kurslar\u0131n\u0131 sunmaktad\u0131r. Tecr\u00fcbeli e\u011fitmen kadromuz, teorik bilgilerin yan\u0131 s\u0131ra prati\u011fe dayal\u0131 zorluklara haz\u0131rl\u0131k konusunda da kursiyerlerimizi donatmaktad\u0131r. Kimler \u0130\u015fyeri Hekimi Olabilir? \u0130\u015fyeri hekimli\u011fi, \u0130SG alan\u0131nda uzmanla\u015fmay\u0131 hedefleyen hekimler i\u00e7in \u00e7e\u015fitli kariyer yollar\u0131 sunar. \u0130\u015fte i\u015fyeri hekimli\u011fi&#8230;<\/p>\n","protected":false},"author":1,"featured_media":0,"parent":0,"menu_order":0,"comment_status":"closed","ping_status":"closed","template":"","meta":{"_joinchat":[],"footnotes":""},"class_list":["post-6068","page","type-page","status-publish","hentry","page--item"],"_links":{"self":[{"href":"https:\/\/www.efeakademi.com.tr\/index.php\/wp-json\/wp\/v2\/pages\/6068","targetHints":{"allow":["GET"]}}],"collection":[{"href":"https:\/\/www.efeakademi.com.tr\/index.php\/wp-json\/wp\/v2\/pages"}],"about":[{"href":"https:\/\/www.efeakademi.com.tr\/index.php\/wp-json\/wp\/v2\/types\/page"}],"author":[{"embeddable":true,"href":"https:\/\/www.efeakademi.com.tr\/index.php\/wp-json\/wp\/v2\/users\/1"}],"replies":[{"embeddable":true,"href":"https:\/\/www.efeakademi.com.tr\/index.php\/wp-json\/wp\/v2\/comments?post=6068"}],"version-history":[{"count":5,"href":"https:\/\/www.efeakademi.com.tr\/index.php\/wp-json\/wp\/v2\/pages\/6068\/revisions"}],"predecessor-version":[{"id":7408,"href":"https:\/\/www.efeakademi.com.tr\/index.php\/wp-json\/wp\/v2\/pages\/6068\/revisions\/7408"}],"wp:attachment":[{"href":"https:\/\/www.efeakademi.com.tr\/index.php\/wp-json\/wp\/v2\/media?parent=6068"}],"curies":[{"name":"wp","href":"https:\/\/api.w.org\/{rel}","templated":true}]}}