{"id":6084,"date":"2024-04-14T11:02:34","date_gmt":"2024-04-14T11:02:34","guid":{"rendered":"https:\/\/www.efeakademi.com.tr\/?page_id=6084"},"modified":"2024-04-14T11:02:50","modified_gmt":"2024-04-14T11:02:50","slug":"izmir-isg-egitimi","status":"publish","type":"page","link":"https:\/\/www.efeakademi.com.tr\/index.php\/izmir-isg-egitimi\/","title":{"rendered":"\u0130zmir \u0130SG E\u011fitimi"},"content":{"rendered":"\n<p>\u0130zmir, T\u00fcrkiye&#8217;nin \u00fc\u00e7\u00fcnc\u00fc b\u00fcy\u00fck \u015fehri ve Ege B\u00f6lgesi&#8217;nin en \u00f6nemli ekonomik, ticari ve k\u00fclt\u00fcrel merkezlerinden biri olarak, geni\u015f sanayi yelpazesi ve yo\u011fun i\u015f g\u00fcc\u00fc ile dikkat \u00e7eker. Bu dinamik yap\u0131s\u0131, i\u015f sa\u011fl\u0131\u011f\u0131 ve g\u00fcvenli\u011fi (\u0130SG) e\u011fitimlerinin \u00f6nemini ve gereklili\u011fini daha da art\u0131rmaktad\u0131r. \u0130zmir&#8217;de \u0130SG e\u011fitimi, hem mevcut yasal zorunluluklara uyum sa\u011flamak hem de i\u015f yerlerinde g\u00fcvenli\u011fi maksimize etmek amac\u0131yla b\u00fcy\u00fck \u00f6nem ta\u015f\u0131r.<\/p>\n\n\n\n<div id=\"ez-toc-container\" class=\"ez-toc-v2_0_82_2 counter-hierarchy ez-toc-counter ez-toc-grey ez-toc-container-direction\">\n<div class=\"ez-toc-title-container\">\n<p class=\"ez-toc-title\" style=\"cursor:inherit\">\u0130\u00e7indekiler<\/p>\n<span class=\"ez-toc-title-toggle\"><a href=\"#\" class=\"ez-toc-pull-right ez-toc-btn ez-toc-btn-xs ez-toc-btn-default ez-toc-toggle\" aria-label=\"\u0130\u00e7indekiler Tablosunu A\u00e7\/Kapat\"><span class=\"ez-toc-js-icon-con\"><span class=\"\"><span class=\"eztoc-hide\" style=\"display:none;\">Toggle<\/span><span class=\"ez-toc-icon-toggle-span\"><svg style=\"fill: #999;color:#999\" xmlns=\"http:\/\/www.w3.org\/2000\/svg\" class=\"list-377408\" width=\"20px\" height=\"20px\" viewBox=\"0 0 24 24\" fill=\"none\"><path d=\"M6 6H4v2h2V6zm14 0H8v2h12V6zM4 11h2v2H4v-2zm16 0H8v2h12v-2zM4 16h2v2H4v-2zm16 0H8v2h12v-2z\" fill=\"currentColor\"><\/path><\/svg><svg style=\"fill: #999;color:#999\" class=\"arrow-unsorted-368013\" xmlns=\"http:\/\/www.w3.org\/2000\/svg\" width=\"10px\" height=\"10px\" viewBox=\"0 0 24 24\" version=\"1.2\" baseProfile=\"tiny\"><path d=\"M18.2 9.3l-6.2-6.3-6.2 6.3c-.2.2-.3.4-.3.7s.1.5.3.7c.2.2.4.3.7.3h11c.3 0 .5-.1.7-.3.2-.2.3-.5.3-.7s-.1-.5-.3-.7zM5.8 14.7l6.2 6.3 6.2-6.3c.2-.2.3-.5.3-.7s-.1-.5-.3-.7c-.2-.2-.4-.3-.7-.3h-11c-.3 0-.5.1-.7.3-.2.2-.3.5-.3.7s.1.5.3.7z\"\/><\/svg><\/span><\/span><\/span><\/a><\/span><\/div>\n<nav><ul class='ez-toc-list ez-toc-list-level-1 eztoc-toggle-hide-by-default' ><li class='ez-toc-page-1 ez-toc-heading-level-4'><a class=\"ez-toc-link ez-toc-heading-1\" href=\"https:\/\/www.efeakademi.com.tr\/index.php\/izmir-isg-egitimi\/#Izmirde_ISG_Egitiminin_Onemi\" >\u0130zmir\u2019de \u0130SG E\u011fitiminin \u00d6nemi<\/a><\/li><li class='ez-toc-page-1 ez-toc-heading-level-4'><a class=\"ez-toc-link ez-toc-heading-2\" href=\"https:\/\/www.efeakademi.com.tr\/index.php\/izmir-isg-egitimi\/#Izmirdeki_ISG_Egitimi_Yapilari\" >\u0130zmir&#8217;deki \u0130SG E\u011fitimi Yap\u0131lar\u0131<\/a><\/li><li class='ez-toc-page-1 ez-toc-heading-level-4'><a class=\"ez-toc-link ez-toc-heading-3\" href=\"https:\/\/www.efeakademi.com.tr\/index.php\/izmir-isg-egitimi\/#ISG_Egitiminin_Isletmelere_ve_Calisanlara_Katkilari\" >\u0130SG E\u011fitiminin \u0130\u015fletmelere ve \u00c7al\u0131\u015fanlara Katk\u0131lar\u0131<\/a><\/li><\/ul><\/nav><\/div>\n<h4 class=\"wp-block-heading\"><span class=\"ez-toc-section\" id=\"Izmirde_ISG_Egitiminin_Onemi\"><\/span>\u0130zmir\u2019de \u0130SG E\u011fitiminin \u00d6nemi<span class=\"ez-toc-section-end\"><\/span><\/h4>\n\n\n\n<p>\u0130zmir, sanayi tesisleri, b\u00fcy\u00fck ticaret merkezleri, turizm ve hizmet sekt\u00f6r\u00fc gibi bir\u00e7ok alanda faaliyet g\u00f6steren i\u015fletmelere ev sahipli\u011fi yapmaktad\u0131r. Bu \u00e7e\u015fitlilik, farkl\u0131 sekt\u00f6rlerde \u00e7al\u0131\u015fanlar\u0131n kar\u015f\u0131la\u015fabilece\u011fi risklerin bilincinde olmalar\u0131n\u0131 ve bu risklere kar\u015f\u0131 korunma y\u00f6ntemlerini \u00f6\u011frenmelerini zorunlu k\u0131lar. \u0130SG e\u011fitimleri, i\u015f kazalar\u0131n\u0131 \u00f6nlemek, meslek hastal\u0131klar\u0131n\u0131 azaltmak ve acil durumlarla ba\u015fa \u00e7\u0131kabilmek i\u00e7in \u00e7al\u0131\u015fanlara gerekli bilgi ve becerileri kazand\u0131r\u0131r.<\/p>\n\n\n\n<h4 class=\"wp-block-heading\"><span class=\"ez-toc-section\" id=\"Izmirdeki_ISG_Egitimi_Yapilari\"><\/span>\u0130zmir&#8217;deki \u0130SG E\u011fitimi Yap\u0131lar\u0131<span class=\"ez-toc-section-end\"><\/span><\/h4>\n\n\n\n<p>\u0130zmir\u2019de \u0130SG e\u011fitimi veren bir\u00e7ok kurum bulunmaktad\u0131r. Bu e\u011fitimler genellikle, \u00c7al\u0131\u015fma ve Sosyal G\u00fcvenlik Bakanl\u0131\u011f\u0131 taraf\u0131ndan yetkilendirilmi\u015f e\u011fitim merkezleri, teknik e\u011fitim kurumlar\u0131 ve baz\u0131 \u00fcniversiteler taraf\u0131ndan sunulmaktad\u0131r. \u0130SG e\u011fitimleri \u015fu ba\u015fl\u0131klar alt\u0131nda toplanabilir:<\/p>\n\n\n\n<ol class=\"wp-block-list\">\n<li><strong>Temel \u0130SG E\u011fitimi:<\/strong> \u0130\u015f sa\u011fl\u0131\u011f\u0131 ve g\u00fcvenli\u011fi ile ilgili temel kavramlar, risk de\u011ferlendirme y\u00f6ntemleri ve g\u00fcvenli \u00e7al\u0131\u015fma tekniklerinin anlat\u0131ld\u0131\u011f\u0131 e\u011fitimdir.<\/li>\n\n\n\n<li><strong>Uzmanl\u0131k E\u011fitimleri:<\/strong> A, B ve C s\u0131n\u0131f\u0131 i\u015f g\u00fcvenli\u011fi uzmanl\u0131\u011f\u0131 e\u011fitimleri gibi daha spesifik ve detayl\u0131 e\u011fitimlerdir.<\/li>\n\n\n\n<li><strong>Yenileme E\u011fitimleri:<\/strong> Mevcut \u0130SG profesyonellerinin bilgilerini g\u00fcncel tutmalar\u0131 i\u00e7in d\u00fczenlenen e\u011fitimlerdir.<\/li>\n\n\n\n<li><strong>Acil Durum Y\u00f6netimi E\u011fitimi:<\/strong> Yang\u0131n, deprem ve di\u011fer acil durumlar i\u00e7in gerekli bilgi ve becerilerin verildi\u011fi e\u011fitimlerdir.<\/li>\n<\/ol>\n\n\n\n<h4 class=\"wp-block-heading\"><span class=\"ez-toc-section\" id=\"ISG_Egitiminin_Isletmelere_ve_Calisanlara_Katkilari\"><\/span>\u0130SG E\u011fitiminin \u0130\u015fletmelere ve \u00c7al\u0131\u015fanlara Katk\u0131lar\u0131<span class=\"ez-toc-section-end\"><\/span><\/h4>\n\n\n\n<p>\u0130SG e\u011fitimleri, sadece yasal bir gereklilik olman\u0131n \u00f6tesinde, i\u015fletmeler ve \u00e7al\u0131\u015fanlar i\u00e7in bir\u00e7ok fayda sa\u011flar:<\/p>\n\n\n\n<ul class=\"wp-block-list\">\n<li><strong>Risklerin Azalt\u0131lmas\u0131:<\/strong> E\u011fitimler, potansiyel tehlikelerin tan\u0131nmas\u0131 ve bu tehlikelere kar\u015f\u0131 \u00f6nlem al\u0131nmas\u0131 konusunda bilin\u00e7lendirir.<\/li>\n\n\n\n<li><strong>Verimlilik Art\u0131\u015f\u0131:<\/strong> G\u00fcvenli bir \u00e7al\u0131\u015fma ortam\u0131, \u00e7al\u0131\u015fanlar\u0131n motivasyonunu ve dolay\u0131s\u0131yla verimlili\u011fini art\u0131r\u0131r.<\/li>\n\n\n\n<li><strong>Maliyetlerin Azalt\u0131lmas\u0131:<\/strong> Kazalar\u0131n ve meslek hastal\u0131klar\u0131n\u0131n \u00f6nlenmesi, i\u015fletmeler i\u00e7in olas\u0131 sa\u011fl\u0131k ve hukuki giderleri minimuma indirger.<\/li>\n\n\n\n<li><strong>Kurumsal \u0130tibar\u0131n G\u00fc\u00e7lenmesi:<\/strong> G\u00fcvenlik konusunda bilin\u00e7li i\u015fletmeler, m\u00fc\u015fteriler ve i\u015f ortaklar\u0131 nezdinde daha g\u00fcvenilir bir profil \u00e7izer.<\/li>\n<\/ul>\n","protected":false},"excerpt":{"rendered":"<p>\u0130zmir, T\u00fcrkiye&#8217;nin \u00fc\u00e7\u00fcnc\u00fc b\u00fcy\u00fck \u015fehri ve Ege B\u00f6lgesi&#8217;nin en \u00f6nemli ekonomik, ticari ve k\u00fclt\u00fcrel merkezlerinden biri olarak, geni\u015f sanayi yelpazesi ve yo\u011fun i\u015f g\u00fcc\u00fc ile dikkat \u00e7eker. Bu dinamik yap\u0131s\u0131, i\u015f sa\u011fl\u0131\u011f\u0131 ve g\u00fcvenli\u011fi (\u0130SG) e\u011fitimlerinin \u00f6nemini ve gereklili\u011fini daha da art\u0131rmaktad\u0131r. \u0130zmir&#8217;de \u0130SG e\u011fitimi, hem mevcut yasal zorunluluklara uyum sa\u011flamak hem de i\u015f yerlerinde&#8230;<\/p>\n","protected":false},"author":1,"featured_media":0,"parent":0,"menu_order":0,"comment_status":"closed","ping_status":"closed","template":"","meta":{"_joinchat":[],"footnotes":""},"class_list":["post-6084","page","type-page","status-publish","hentry","page--item"],"_links":{"self":[{"href":"https:\/\/www.efeakademi.com.tr\/index.php\/wp-json\/wp\/v2\/pages\/6084","targetHints":{"allow":["GET"]}}],"collection":[{"href":"https:\/\/www.efeakademi.com.tr\/index.php\/wp-json\/wp\/v2\/pages"}],"about":[{"href":"https:\/\/www.efeakademi.com.tr\/index.php\/wp-json\/wp\/v2\/types\/page"}],"author":[{"embeddable":true,"href":"https:\/\/www.efeakademi.com.tr\/index.php\/wp-json\/wp\/v2\/users\/1"}],"replies":[{"embeddable":true,"href":"https:\/\/www.efeakademi.com.tr\/index.php\/wp-json\/wp\/v2\/comments?post=6084"}],"version-history":[{"count":1,"href":"https:\/\/www.efeakademi.com.tr\/index.php\/wp-json\/wp\/v2\/pages\/6084\/revisions"}],"predecessor-version":[{"id":6085,"href":"https:\/\/www.efeakademi.com.tr\/index.php\/wp-json\/wp\/v2\/pages\/6084\/revisions\/6085"}],"wp:attachment":[{"href":"https:\/\/www.efeakademi.com.tr\/index.php\/wp-json\/wp\/v2\/media?parent=6084"}],"curies":[{"name":"wp","href":"https:\/\/api.w.org\/{rel}","templated":true}]}}