{"id":6087,"date":"2024-04-14T11:03:33","date_gmt":"2024-04-14T11:03:33","guid":{"rendered":"https:\/\/www.efeakademi.com.tr\/?page_id=6087"},"modified":"2024-04-14T11:03:34","modified_gmt":"2024-04-14T11:03:34","slug":"ankara-isg-egitimi","status":"publish","type":"page","link":"https:\/\/www.efeakademi.com.tr\/index.php\/ankara-isg-egitimi\/","title":{"rendered":"Ankara \u0130SG E\u011fitimi"},"content":{"rendered":"\n<p>Ankara, T\u00fcrkiye&#8217;nin ba\u015fkenti olarak, kamu ve \u00f6zel sekt\u00f6rde yo\u011fun bir i\u015f g\u00fcc\u00fcne ev sahipli\u011fi yapmaktad\u0131r. Bu dinamik i\u015f ortam\u0131nda, i\u015f sa\u011fl\u0131\u011f\u0131 ve g\u00fcvenli\u011fi (\u0130SG) e\u011fitimleri, \u00e7al\u0131\u015fanlar\u0131n g\u00fcvenli\u011fi ve i\u015f yerlerinin yasalara uygunlu\u011fu a\u00e7\u0131s\u0131ndan b\u00fcy\u00fck \u00f6nem ta\u015f\u0131r. Ankara&#8217;da \u0130SG e\u011fitimi, i\u015f kazalar\u0131n\u0131 ve meslek hastal\u0131klar\u0131n\u0131 minimize etmek, ayn\u0131 zamanda s\u00fcrd\u00fcr\u00fclebilir \u00e7al\u0131\u015fma ortamlar\u0131 yaratmak i\u00e7in kritik bir rol oynar.<\/p>\n\n\n\n<div id=\"ez-toc-container\" class=\"ez-toc-v2_0_82_2 counter-hierarchy ez-toc-counter ez-toc-grey ez-toc-container-direction\">\n<div class=\"ez-toc-title-container\">\n<p class=\"ez-toc-title\" style=\"cursor:inherit\">\u0130\u00e7indekiler<\/p>\n<span class=\"ez-toc-title-toggle\"><a href=\"#\" class=\"ez-toc-pull-right ez-toc-btn ez-toc-btn-xs ez-toc-btn-default ez-toc-toggle\" aria-label=\"\u0130\u00e7indekiler Tablosunu A\u00e7\/Kapat\"><span class=\"ez-toc-js-icon-con\"><span class=\"\"><span class=\"eztoc-hide\" style=\"display:none;\">Toggle<\/span><span class=\"ez-toc-icon-toggle-span\"><svg style=\"fill: #999;color:#999\" xmlns=\"http:\/\/www.w3.org\/2000\/svg\" class=\"list-377408\" width=\"20px\" height=\"20px\" viewBox=\"0 0 24 24\" fill=\"none\"><path d=\"M6 6H4v2h2V6zm14 0H8v2h12V6zM4 11h2v2H4v-2zm16 0H8v2h12v-2zM4 16h2v2H4v-2zm16 0H8v2h12v-2z\" fill=\"currentColor\"><\/path><\/svg><svg style=\"fill: #999;color:#999\" class=\"arrow-unsorted-368013\" xmlns=\"http:\/\/www.w3.org\/2000\/svg\" width=\"10px\" height=\"10px\" viewBox=\"0 0 24 24\" version=\"1.2\" baseProfile=\"tiny\"><path d=\"M18.2 9.3l-6.2-6.3-6.2 6.3c-.2.2-.3.4-.3.7s.1.5.3.7c.2.2.4.3.7.3h11c.3 0 .5-.1.7-.3.2-.2.3-.5.3-.7s-.1-.5-.3-.7zM5.8 14.7l6.2 6.3 6.2-6.3c.2-.2.3-.5.3-.7s-.1-.5-.3-.7c-.2-.2-.4-.3-.7-.3h-11c-.3 0-.5.1-.7.3-.2.2-.3.5-.3.7s.1.5.3.7z\"\/><\/svg><\/span><\/span><\/span><\/a><\/span><\/div>\n<nav><ul class='ez-toc-list ez-toc-list-level-1 eztoc-toggle-hide-by-default' ><li class='ez-toc-page-1 ez-toc-heading-level-4'><a class=\"ez-toc-link ez-toc-heading-1\" href=\"https:\/\/www.efeakademi.com.tr\/index.php\/ankara-isg-egitimi\/#Ankarada_ISG_Egitiminin_Onemi\" >Ankara&#8217;da \u0130SG E\u011fitiminin \u00d6nemi<\/a><\/li><li class='ez-toc-page-1 ez-toc-heading-level-4'><a class=\"ez-toc-link ez-toc-heading-2\" href=\"https:\/\/www.efeakademi.com.tr\/index.php\/ankara-isg-egitimi\/#ISG_Egitimleri_Neleri_Kapsar\" >\u0130SG E\u011fitimleri Neleri Kapsar?<\/a><\/li><\/ul><\/nav><\/div>\n<h4 class=\"wp-block-heading\"><span class=\"ez-toc-section\" id=\"Ankarada_ISG_Egitiminin_Onemi\"><\/span>Ankara&#8217;da \u0130SG E\u011fitiminin \u00d6nemi<span class=\"ez-toc-section-end\"><\/span><\/h4>\n\n\n\n<p>Ba\u015fkent Ankara, pek \u00e7ok devlet kurumu, b\u00fcy\u00fck \u00f6l\u00e7ekli sanayi tesisi ve geni\u015f bir hizmet sekt\u00f6r\u00fc ile T\u00fcrkiye&#8217;nin en \u00f6nemli y\u00f6netim, \u00fcretim ve ticaret merkezlerinden biridir. Bu \u00e7e\u015fitlilik, farkl\u0131 i\u015f kollar\u0131nda \u00e7al\u0131\u015fan bireyler i\u00e7in \u00f6zel \u0130SG stratejilerinin geli\u015ftirilmesini gerektirir. \u0130SG e\u011fitimleri, i\u015f yerinde sa\u011fl\u0131\u011f\u0131n ve g\u00fcvenli\u011fin korunmas\u0131 i\u00e7in gerekli bilgi ve becerileri sa\u011flar, b\u00f6ylece t\u00fcm sekt\u00f6rlerde \u00e7al\u0131\u015fanlar\u0131n refah\u0131 garanti alt\u0131na al\u0131n\u0131r.<\/p>\n\n\n\n<h4 class=\"wp-block-heading\"><span class=\"ez-toc-section\" id=\"ISG_Egitimleri_Neleri_Kapsar\"><\/span>\u0130SG E\u011fitimleri Neleri Kapsar?<span class=\"ez-toc-section-end\"><\/span><\/h4>\n\n\n\n<p>\u0130SG e\u011fitimleri, temel sa\u011fl\u0131k ve g\u00fcvenlik e\u011fitimlerinden, \u00f6zel durumlar i\u00e7in geli\u015ftirilmi\u015f ileri seviye e\u011fitimlere kadar geni\u015f bir yelpazede d\u00fczenlenir.<\/p>\n","protected":false},"excerpt":{"rendered":"<p>Ankara, T\u00fcrkiye&#8217;nin ba\u015fkenti olarak, kamu ve \u00f6zel sekt\u00f6rde yo\u011fun bir i\u015f g\u00fcc\u00fcne ev sahipli\u011fi yapmaktad\u0131r. Bu dinamik i\u015f ortam\u0131nda, i\u015f sa\u011fl\u0131\u011f\u0131 ve g\u00fcvenli\u011fi (\u0130SG) e\u011fitimleri, \u00e7al\u0131\u015fanlar\u0131n g\u00fcvenli\u011fi ve i\u015f yerlerinin yasalara uygunlu\u011fu a\u00e7\u0131s\u0131ndan b\u00fcy\u00fck \u00f6nem ta\u015f\u0131r. Ankara&#8217;da \u0130SG e\u011fitimi, i\u015f kazalar\u0131n\u0131 ve meslek hastal\u0131klar\u0131n\u0131 minimize etmek, ayn\u0131 zamanda s\u00fcrd\u00fcr\u00fclebilir \u00e7al\u0131\u015fma ortamlar\u0131 yaratmak i\u00e7in kritik bir&#8230;<\/p>\n","protected":false},"author":1,"featured_media":0,"parent":0,"menu_order":0,"comment_status":"closed","ping_status":"closed","template":"","meta":{"_joinchat":[],"footnotes":""},"class_list":["post-6087","page","type-page","status-publish","hentry","page--item"],"_links":{"self":[{"href":"https:\/\/www.efeakademi.com.tr\/index.php\/wp-json\/wp\/v2\/pages\/6087","targetHints":{"allow":["GET"]}}],"collection":[{"href":"https:\/\/www.efeakademi.com.tr\/index.php\/wp-json\/wp\/v2\/pages"}],"about":[{"href":"https:\/\/www.efeakademi.com.tr\/index.php\/wp-json\/wp\/v2\/types\/page"}],"author":[{"embeddable":true,"href":"https:\/\/www.efeakademi.com.tr\/index.php\/wp-json\/wp\/v2\/users\/1"}],"replies":[{"embeddable":true,"href":"https:\/\/www.efeakademi.com.tr\/index.php\/wp-json\/wp\/v2\/comments?post=6087"}],"version-history":[{"count":1,"href":"https:\/\/www.efeakademi.com.tr\/index.php\/wp-json\/wp\/v2\/pages\/6087\/revisions"}],"predecessor-version":[{"id":6088,"href":"https:\/\/www.efeakademi.com.tr\/index.php\/wp-json\/wp\/v2\/pages\/6087\/revisions\/6088"}],"wp:attachment":[{"href":"https:\/\/www.efeakademi.com.tr\/index.php\/wp-json\/wp\/v2\/media?parent=6087"}],"curies":[{"name":"wp","href":"https:\/\/api.w.org\/{rel}","templated":true}]}}