{"id":6107,"date":"2024-04-14T11:08:22","date_gmt":"2024-04-14T11:08:22","guid":{"rendered":"https:\/\/www.efeakademi.com.tr\/?page_id=6107"},"modified":"2024-04-14T11:08:23","modified_gmt":"2024-04-14T11:08:23","slug":"izmir-is-yeri-hekimligi-kursu","status":"publish","type":"page","link":"https:\/\/www.efeakademi.com.tr\/index.php\/izmir-is-yeri-hekimligi-kursu\/","title":{"rendered":"\u0130zmir \u0130\u015f Yeri Hekimli\u011fi Kursu"},"content":{"rendered":"\n<p>\u0130zmir, T\u00fcrkiye&#8217;nin en b\u00fcy\u00fck \u00fc\u00e7\u00fcnc\u00fc \u015fehri ve \u00f6nemli bir sanayi merkezi olmas\u0131 nedeniyle, i\u015f sa\u011fl\u0131\u011f\u0131 ve g\u00fcvenli\u011fi konular\u0131nda s\u00fcrekli olarak kendini geli\u015ftirmekte ve bu alanda y\u00fcksek standartlara ula\u015fmay\u0131 hedeflemektedir. Bu ba\u011flamda, i\u015f yerinde sa\u011fl\u0131\u011f\u0131 korumak ve \u00e7al\u0131\u015fanlar\u0131n g\u00fcvenli\u011fini sa\u011flamak amac\u0131yla i\u015f yeri hekimli\u011fi kurslar\u0131 b\u00fcy\u00fck bir \u00f6nem ta\u015f\u0131maktad\u0131r. \u0130zmir&#8217;de sunulan i\u015f yeri hekimli\u011fi kurslar\u0131, \u00e7e\u015fitli sekt\u00f6rlerdeki i\u015fletmelere y\u00f6nelik olarak tasarlanm\u0131\u015ft\u0131r ve i\u015f sa\u011fl\u0131\u011f\u0131 uzmanlar\u0131 yeti\u015ftirmeyi ama\u00e7lamaktad\u0131r.<\/p>\n\n\n\n<div id=\"ez-toc-container\" class=\"ez-toc-v2_0_82_2 counter-hierarchy ez-toc-counter ez-toc-grey ez-toc-container-direction\">\n<div class=\"ez-toc-title-container\">\n<p class=\"ez-toc-title\" style=\"cursor:inherit\">\u0130\u00e7indekiler<\/p>\n<span class=\"ez-toc-title-toggle\"><a href=\"#\" class=\"ez-toc-pull-right ez-toc-btn ez-toc-btn-xs ez-toc-btn-default ez-toc-toggle\" aria-label=\"\u0130\u00e7indekiler Tablosunu A\u00e7\/Kapat\"><span class=\"ez-toc-js-icon-con\"><span class=\"\"><span class=\"eztoc-hide\" style=\"display:none;\">Toggle<\/span><span class=\"ez-toc-icon-toggle-span\"><svg style=\"fill: #999;color:#999\" xmlns=\"http:\/\/www.w3.org\/2000\/svg\" class=\"list-377408\" width=\"20px\" height=\"20px\" viewBox=\"0 0 24 24\" fill=\"none\"><path d=\"M6 6H4v2h2V6zm14 0H8v2h12V6zM4 11h2v2H4v-2zm16 0H8v2h12v-2zM4 16h2v2H4v-2zm16 0H8v2h12v-2z\" fill=\"currentColor\"><\/path><\/svg><svg style=\"fill: #999;color:#999\" class=\"arrow-unsorted-368013\" xmlns=\"http:\/\/www.w3.org\/2000\/svg\" width=\"10px\" height=\"10px\" viewBox=\"0 0 24 24\" version=\"1.2\" baseProfile=\"tiny\"><path d=\"M18.2 9.3l-6.2-6.3-6.2 6.3c-.2.2-.3.4-.3.7s.1.5.3.7c.2.2.4.3.7.3h11c.3 0 .5-.1.7-.3.2-.2.3-.5.3-.7s-.1-.5-.3-.7zM5.8 14.7l6.2 6.3 6.2-6.3c.2-.2.3-.5.3-.7s-.1-.5-.3-.7c-.2-.2-.4-.3-.7-.3h-11c-.3 0-.5.1-.7.3-.2.2-.3.5-.3.7s.1.5.3.7z\"\/><\/svg><\/span><\/span><\/span><\/a><\/span><\/div>\n<nav><ul class='ez-toc-list ez-toc-list-level-1 eztoc-toggle-hide-by-default' ><li class='ez-toc-page-1 ez-toc-heading-level-4'><a class=\"ez-toc-link ez-toc-heading-1\" href=\"https:\/\/www.efeakademi.com.tr\/index.php\/izmir-is-yeri-hekimligi-kursu\/#Izmirdeki_Is_Yeri_Hekimligi_Kurslarinin_Onemi\" >\u0130zmir&#8217;deki \u0130\u015f Yeri Hekimli\u011fi Kurslar\u0131n\u0131n \u00d6nemi<\/a><\/li><li class='ez-toc-page-1 ez-toc-heading-level-4'><a class=\"ez-toc-link ez-toc-heading-2\" href=\"https:\/\/www.efeakademi.com.tr\/index.php\/izmir-is-yeri-hekimligi-kursu\/#Kurs_Icerigi_ve_Sureci\" >Kurs \u0130\u00e7eri\u011fi ve S\u00fcreci<\/a><\/li><li class='ez-toc-page-1 ez-toc-heading-level-4'><a class=\"ez-toc-link ez-toc-heading-3\" href=\"https:\/\/www.efeakademi.com.tr\/index.php\/izmir-is-yeri-hekimligi-kursu\/#Kimler_Katilabilir\" >Kimler Kat\u0131labilir?<\/a><\/li><li class='ez-toc-page-1 ez-toc-heading-level-4'><a class=\"ez-toc-link ez-toc-heading-4\" href=\"https:\/\/www.efeakademi.com.tr\/index.php\/izmir-is-yeri-hekimligi-kursu\/#Izmirde_Is_Yeri_Hekimligi_Kurslari_Neden_Tercih_Edilmeli\" >\u0130zmir&#8217;de \u0130\u015f Yeri Hekimli\u011fi Kurslar\u0131 Neden Tercih Edilmeli?<\/a><\/li><\/ul><\/nav><\/div>\n<h4 class=\"wp-block-heading\"><span class=\"ez-toc-section\" id=\"Izmirdeki_Is_Yeri_Hekimligi_Kurslarinin_Onemi\"><\/span>\u0130zmir&#8217;deki \u0130\u015f Yeri Hekimli\u011fi Kurslar\u0131n\u0131n \u00d6nemi<span class=\"ez-toc-section-end\"><\/span><\/h4>\n\n\n\n<p>\u0130\u015f yeri hekimli\u011fi, i\u015f sa\u011fl\u0131\u011f\u0131 ve g\u00fcvenli\u011fi alan\u0131nda uzmanla\u015fm\u0131\u015f hekimlerin, \u00e7al\u0131\u015fanlar\u0131n sa\u011fl\u0131k durumlar\u0131n\u0131 takip etmeleri, olas\u0131 sa\u011fl\u0131k sorunlar\u0131n\u0131 \u00f6nleyici tedbirler geli\u015ftirmeleri ve acil durumlarda gerekli m\u00fcdahaleleri yapmalar\u0131 g\u00f6revlerini i\u00e7erir. \u0130zmir gibi b\u00fcy\u00fck bir sanayi kenti i\u00e7in bu roller, i\u015f g\u00fcc\u00fcn\u00fcn korunmas\u0131 ve verimlili\u011fin art\u0131r\u0131lmas\u0131 a\u00e7\u0131s\u0131ndan kritik \u00f6neme sahiptir. \u0130\u015f yeri hekimli\u011fi kurslar\u0131, hekimlere bu \u00f6nemli sorumluluklar\u0131 yerine getirebilmeleri i\u00e7in gerekli bilgi ve becerileri sa\u011flamak \u00fczere d\u00fczenlenmektedir.<\/p>\n\n\n\n<h4 class=\"wp-block-heading\"><span class=\"ez-toc-section\" id=\"Kurs_Icerigi_ve_Sureci\"><\/span>Kurs \u0130\u00e7eri\u011fi ve S\u00fcreci<span class=\"ez-toc-section-end\"><\/span><\/h4>\n\n\n\n<p>\u0130zmir&#8217;deki i\u015f yeri hekimli\u011fi kurslar\u0131 genellikle, i\u015f sa\u011fl\u0131\u011f\u0131 ve g\u00fcvenli\u011fi mevzuat\u0131, risk de\u011ferlendirme teknikleri, acil durum y\u00f6netimi, meslek hastal\u0131klar\u0131n\u0131n \u00f6nlenmesi ve i\u015f kazalar\u0131na m\u00fcdahale gibi konular\u0131 kapsar. Kurslar, teorik dersler ve uygulamal\u0131 e\u011fitimler \u015feklinde yap\u0131land\u0131r\u0131lm\u0131\u015ft\u0131r, b\u00f6ylece kursiyerler \u00f6\u011frendiklerini pratikte uygulama f\u0131rsat\u0131 bulurlar.<\/p>\n\n\n\n<p>Kurslar, genellikle 90 ila 180 saat aras\u0131nda de\u011fi\u015fen s\u00fcrelerde tamamlan\u0131r ve \u00c7al\u0131\u015fma ve Sosyal G\u00fcvenlik Bakanl\u0131\u011f\u0131 taraf\u0131ndan akredite edilmi\u015ftir. Kurs sonunda yap\u0131lan s\u0131navlarda ba\u015far\u0131l\u0131 olan kursiyerler, &#8220;\u0130\u015f Yeri Hekimi Sertifikas\u0131&#8221; almaya hak kazan\u0131r ve bu sertifika ile \u0130zmir ve T\u00fcrkiye genelindeki i\u015f yerlerinde i\u015f yeri hekimi olarak \u00e7al\u0131\u015fabilirler.<\/p>\n\n\n\n<h4 class=\"wp-block-heading\"><span class=\"ez-toc-section\" id=\"Kimler_Katilabilir\"><\/span>Kimler Kat\u0131labilir?<span class=\"ez-toc-section-end\"><\/span><\/h4>\n\n\n\n<p>\u0130\u015f yeri hekimli\u011fi kurslar\u0131na kat\u0131lmak i\u00e7in adaylar\u0131n t\u0131p fak\u00fcltesi mezunu olmalar\u0131 ve T\u00fcrk Tabipler Birli\u011fi&#8217;ne kay\u0131tl\u0131 olmalar\u0131 gerekmektedir. Bu kurslar genellikle, t\u0131p doktorlar\u0131na y\u00f6neliktir ve kat\u0131l\u0131mc\u0131lar i\u015f yeri hekimi olarak g\u00f6rev yapacaklar\u0131 i\u00e7in t\u0131bbi bilgi ve deneyime sahip olmalar\u0131 beklenir.<\/p>\n\n\n\n<h4 class=\"wp-block-heading\"><span class=\"ez-toc-section\" id=\"Izmirde_Is_Yeri_Hekimligi_Kurslari_Neden_Tercih_Edilmeli\"><\/span>\u0130zmir&#8217;de \u0130\u015f Yeri Hekimli\u011fi Kurslar\u0131 Neden Tercih Edilmeli?<span class=\"ez-toc-section-end\"><\/span><\/h4>\n\n\n\n<p>\u0130zmir&#8217;de i\u015f yeri hekimli\u011fi kurslar\u0131 tercih edilmesinin bir\u00e7ok nedeni bulunmaktad\u0131r:<\/p>\n\n\n\n<ul class=\"wp-block-list\">\n<li>\u0130zmir, sanayi ve ticaretin merkezlerinden biri oldu\u011fu i\u00e7in bu alandaki profesyoneller i\u00e7in geni\u015f i\u015f olanaklar\u0131 sunar.<\/li>\n\n\n\n<li>Kurslar, deneyimli e\u011fitimciler ve g\u00fcncel m\u00fcfredatlar ile donat\u0131lm\u0131\u015ft\u0131r.<\/li>\n\n\n\n<li>\u0130\u015f sa\u011fl\u0131\u011f\u0131 ve g\u00fcvenli\u011fi alan\u0131nda kariyer yapmak isteyen hekimlere y\u00fcksek standartlarda e\u011fitim imkan\u0131 sunar.<\/li>\n<\/ul>\n\n\n\n<p>\u0130\u015f yeri hekimli\u011fi kurslar\u0131, \u0130zmir&#8217;deki i\u015fletmeler i\u00e7in de b\u00fcy\u00fck \u00f6nem ta\u015f\u0131r \u00e7\u00fcnk\u00fc bu kurslar sayesinde i\u015fletmeler, yasalara uygun \u015fekilde nitelikli i\u015f sa\u011fl\u0131\u011f\u0131 uzmanlar\u0131na eri\u015fim sa\u011flayabilir ve \u00e7al\u0131\u015fma ortamlar\u0131n\u0131 daha g\u00fcvenli hale getirebilirler. Bu e\u011fitimler, i\u015f yerinde sa\u011fl\u0131\u011f\u0131n ve g\u00fcvenli\u011fin s\u00fcrekli olarak iyile\u015ftirilmesine katk\u0131da bulunarak, hem i\u015fverenler hem de \u00e7al\u0131\u015fanlar i\u00e7in olumlu sonu\u00e7lar do\u011furur.<\/p>\n","protected":false},"excerpt":{"rendered":"<p>\u0130zmir, T\u00fcrkiye&#8217;nin en b\u00fcy\u00fck \u00fc\u00e7\u00fcnc\u00fc \u015fehri ve \u00f6nemli bir sanayi merkezi olmas\u0131 nedeniyle, i\u015f sa\u011fl\u0131\u011f\u0131 ve g\u00fcvenli\u011fi konular\u0131nda s\u00fcrekli olarak kendini geli\u015ftirmekte ve bu alanda y\u00fcksek standartlara ula\u015fmay\u0131 hedeflemektedir. Bu ba\u011flamda, i\u015f yerinde sa\u011fl\u0131\u011f\u0131 korumak ve \u00e7al\u0131\u015fanlar\u0131n g\u00fcvenli\u011fini sa\u011flamak amac\u0131yla i\u015f yeri hekimli\u011fi kurslar\u0131 b\u00fcy\u00fck bir \u00f6nem ta\u015f\u0131maktad\u0131r. \u0130zmir&#8217;de sunulan i\u015f yeri hekimli\u011fi kurslar\u0131, \u00e7e\u015fitli&#8230;<\/p>\n","protected":false},"author":1,"featured_media":0,"parent":0,"menu_order":0,"comment_status":"closed","ping_status":"closed","template":"","meta":{"_joinchat":[],"footnotes":""},"class_list":["post-6107","page","type-page","status-publish","hentry","page--item"],"_links":{"self":[{"href":"https:\/\/www.efeakademi.com.tr\/index.php\/wp-json\/wp\/v2\/pages\/6107","targetHints":{"allow":["GET"]}}],"collection":[{"href":"https:\/\/www.efeakademi.com.tr\/index.php\/wp-json\/wp\/v2\/pages"}],"about":[{"href":"https:\/\/www.efeakademi.com.tr\/index.php\/wp-json\/wp\/v2\/types\/page"}],"author":[{"embeddable":true,"href":"https:\/\/www.efeakademi.com.tr\/index.php\/wp-json\/wp\/v2\/users\/1"}],"replies":[{"embeddable":true,"href":"https:\/\/www.efeakademi.com.tr\/index.php\/wp-json\/wp\/v2\/comments?post=6107"}],"version-history":[{"count":1,"href":"https:\/\/www.efeakademi.com.tr\/index.php\/wp-json\/wp\/v2\/pages\/6107\/revisions"}],"predecessor-version":[{"id":6108,"href":"https:\/\/www.efeakademi.com.tr\/index.php\/wp-json\/wp\/v2\/pages\/6107\/revisions\/6108"}],"wp:attachment":[{"href":"https:\/\/www.efeakademi.com.tr\/index.php\/wp-json\/wp\/v2\/media?parent=6107"}],"curies":[{"name":"wp","href":"https:\/\/api.w.org\/{rel}","templated":true}]}}