{"id":6122,"date":"2024-04-14T11:18:37","date_gmt":"2024-04-14T11:18:37","guid":{"rendered":"https:\/\/www.efeakademi.com.tr\/?page_id=6122"},"modified":"2024-04-14T11:18:38","modified_gmt":"2024-04-14T11:18:38","slug":"is-yeri-hekimliginin-onemi","status":"publish","type":"page","link":"https:\/\/www.efeakademi.com.tr\/index.php\/is-yeri-hekimliginin-onemi\/","title":{"rendered":"\u0130\u015f Yeri Hekimli\u011finin \u00f6nemi"},"content":{"rendered":"\n<p><strong>\u0130\u015f Yeri Hekimli\u011finin \u00d6nemi<\/strong><\/p>\n\n\n\n<p>\u0130\u015f yeri hekimli\u011fi, \u00e7al\u0131\u015fanlar\u0131n sa\u011fl\u0131\u011f\u0131n\u0131 korumay\u0131 ve i\u015f yerlerinde sa\u011fl\u0131kl\u0131 bir \u00e7al\u0131\u015fma ortam\u0131 sa\u011flamay\u0131 ama\u00e7layan \u00f6nemli bir disiplindir. \u0130\u015f yerlerindeki risklerin belirlenmesi, \u00e7al\u0131\u015fanlar\u0131n sa\u011fl\u0131k durumunun takip edilmesi ve i\u015f kazalar\u0131n\u0131n \u00f6nlenmesi gibi konular i\u015f yeri hekimli\u011finin \u00f6nemini vurgulamaktad\u0131r. A\u015fa\u011f\u0131da, i\u015f yeri hekimli\u011finin \u00f6nemini a\u00e7\u0131klayan baz\u0131 anahtar noktalar bulunmaktad\u0131r:<\/p>\n\n\n\n<p><strong>1. \u00c7al\u0131\u015fan Sa\u011fl\u0131\u011f\u0131n\u0131n Korunmas\u0131:<\/strong> \u0130\u015f yeri hekimli\u011fi, i\u015f yerlerinde \u00e7al\u0131\u015fanlar\u0131n fiziksel ve ruhsal sa\u011fl\u0131\u011f\u0131n\u0131 korumay\u0131 ama\u00e7lar. \u00c7al\u0131\u015fanlar\u0131n i\u015f yerinde maruz kald\u0131\u011f\u0131 \u00e7e\u015fitli risklerin de\u011ferlendirilmesi ve bu risklerin minimize edilmesi i\u00e7in \u00f6nlemler al\u0131nmas\u0131 i\u015f yeri hekimlerinin g\u00f6revidir. Bu sayede \u00e7al\u0131\u015fanlar\u0131n i\u015f kaynakl\u0131 hastal\u0131klardan ve kazalardan korunmas\u0131 sa\u011flan\u0131r.<\/p>\n\n\n\n<p><strong>2. \u0130\u015f Kazalar\u0131n\u0131n \u00d6nlenmesi:<\/strong> \u0130\u015f yeri hekimleri, i\u015f yerlerindeki potansiyel riskleri de\u011ferlendirir ve i\u015f kazalar\u0131n\u0131n \u00f6nlenmesi i\u00e7in gerekli tedbirleri al\u0131r. \u0130\u015f kazalar\u0131n\u0131n \u00f6nlenmesi, \u00e7al\u0131\u015fanlar\u0131n sa\u011fl\u0131\u011f\u0131n\u0131 koruman\u0131n yan\u0131 s\u0131ra i\u015f verimlili\u011fini art\u0131r\u0131r ve i\u015fyerlerindeki maliyetleri azalt\u0131r.<\/p>\n\n\n\n<p><strong>3. Yasal Gerekliliklerin Kar\u015f\u0131lanmas\u0131:<\/strong> Bir\u00e7ok \u00fclkede, i\u015f yerlerinde i\u015f yeri hekimlerinin bulunmas\u0131 yasal bir gerekliliktir. \u0130\u015f yeri hekimleri, i\u015f sa\u011fl\u0131\u011f\u0131 ve g\u00fcvenli\u011fi y\u00f6netmeliklerine uyum sa\u011flamak ve i\u015f yerlerini denetlemekle sorumludur. Bu da i\u015f yerlerinin yasal gerekliliklere uyumunu sa\u011flamak a\u00e7\u0131s\u0131ndan \u00f6nemlidir.<\/p>\n\n\n\n<p><strong>4. \u00c7al\u0131\u015fan Verimlili\u011finin Art\u0131r\u0131lmas\u0131:<\/strong> Sa\u011fl\u0131kl\u0131 ve g\u00fcvenli bir \u00e7al\u0131\u015fma ortam\u0131 sa\u011flamak, \u00e7al\u0131\u015fanlar\u0131n motivasyonunu art\u0131r\u0131r ve verimlili\u011fi art\u0131r\u0131r. \u0130\u015f yeri hekimleri, \u00e7al\u0131\u015fanlar\u0131n sa\u011fl\u0131k sorunlar\u0131n\u0131 tan\u0131mlayarak ve \u00f6nleyici sa\u011fl\u0131k hizmetleri sunarak, i\u015f yerinde daha mutlu ve sa\u011fl\u0131kl\u0131 bir \u00e7al\u0131\u015fma ortam\u0131 olu\u015fturulmas\u0131na yard\u0131mc\u0131 olur.<\/p>\n\n\n\n<p><strong>5. Hastal\u0131k ve Sakatlanma Maliyetlerinin Azalt\u0131lmas\u0131:<\/strong> \u0130\u015f yeri hekimli\u011fi uygulamalar\u0131, i\u015f kazalar\u0131 ve i\u015f kaynakl\u0131 hastal\u0131klar\u0131n maliyetlerini azaltmaya yard\u0131mc\u0131 olur. \u00c7al\u0131\u015fanlar\u0131n sa\u011fl\u0131kl\u0131 ve g\u00fcvenli bir \u015fekilde \u00e7al\u0131\u015fmas\u0131, i\u015f yerindeki maliyetleri d\u00fc\u015f\u00fcr\u00fcr ve i\u015fletmelerin rekabet g\u00fcc\u00fcn\u00fc art\u0131r\u0131r.<\/p>\n\n\n\n<p>\u0130\u015f yeri hekimli\u011fi, hem i\u015fverenler hem de \u00e7al\u0131\u015fanlar i\u00e7in b\u00fcy\u00fck \u00f6neme sahip bir konudur. Sa\u011fl\u0131kl\u0131 ve g\u00fcvenli bir \u00e7al\u0131\u015fma ortam\u0131 sa\u011flayarak, i\u015f yerlerindeki kazalar\u0131 ve hastal\u0131klar\u0131 \u00f6nlemek m\u00fcmk\u00fcn olur ve bu da hem i\u015fletmelerin ba\u015far\u0131s\u0131n\u0131 art\u0131r\u0131r hem de \u00e7al\u0131\u015fanlar\u0131n ya\u015fam kalitesini y\u00fckseltir.<\/p>\n","protected":false},"excerpt":{"rendered":"<p>\u0130\u015f Yeri Hekimli\u011finin \u00d6nemi \u0130\u015f yeri hekimli\u011fi, \u00e7al\u0131\u015fanlar\u0131n sa\u011fl\u0131\u011f\u0131n\u0131 korumay\u0131 ve i\u015f yerlerinde sa\u011fl\u0131kl\u0131 bir \u00e7al\u0131\u015fma ortam\u0131 sa\u011flamay\u0131 ama\u00e7layan \u00f6nemli bir disiplindir. \u0130\u015f yerlerindeki risklerin belirlenmesi, \u00e7al\u0131\u015fanlar\u0131n sa\u011fl\u0131k durumunun takip edilmesi ve i\u015f kazalar\u0131n\u0131n \u00f6nlenmesi gibi konular i\u015f yeri hekimli\u011finin \u00f6nemini vurgulamaktad\u0131r. A\u015fa\u011f\u0131da, i\u015f yeri hekimli\u011finin \u00f6nemini a\u00e7\u0131klayan baz\u0131 anahtar noktalar bulunmaktad\u0131r: 1. \u00c7al\u0131\u015fan Sa\u011fl\u0131\u011f\u0131n\u0131n&#8230;<\/p>\n","protected":false},"author":1,"featured_media":0,"parent":0,"menu_order":0,"comment_status":"closed","ping_status":"closed","template":"","meta":{"_joinchat":[],"footnotes":""},"class_list":["post-6122","page","type-page","status-publish","hentry","page--item"],"_links":{"self":[{"href":"https:\/\/www.efeakademi.com.tr\/index.php\/wp-json\/wp\/v2\/pages\/6122","targetHints":{"allow":["GET"]}}],"collection":[{"href":"https:\/\/www.efeakademi.com.tr\/index.php\/wp-json\/wp\/v2\/pages"}],"about":[{"href":"https:\/\/www.efeakademi.com.tr\/index.php\/wp-json\/wp\/v2\/types\/page"}],"author":[{"embeddable":true,"href":"https:\/\/www.efeakademi.com.tr\/index.php\/wp-json\/wp\/v2\/users\/1"}],"replies":[{"embeddable":true,"href":"https:\/\/www.efeakademi.com.tr\/index.php\/wp-json\/wp\/v2\/comments?post=6122"}],"version-history":[{"count":1,"href":"https:\/\/www.efeakademi.com.tr\/index.php\/wp-json\/wp\/v2\/pages\/6122\/revisions"}],"predecessor-version":[{"id":6123,"href":"https:\/\/www.efeakademi.com.tr\/index.php\/wp-json\/wp\/v2\/pages\/6122\/revisions\/6123"}],"wp:attachment":[{"href":"https:\/\/www.efeakademi.com.tr\/index.php\/wp-json\/wp\/v2\/media?parent=6122"}],"curies":[{"name":"wp","href":"https:\/\/api.w.org\/{rel}","templated":true}]}}