{"id":6213,"date":"2024-04-14T12:55:02","date_gmt":"2024-04-14T12:55:02","guid":{"rendered":"https:\/\/www.efeakademi.com.tr\/?page_id=6213"},"modified":"2024-04-14T12:55:03","modified_gmt":"2024-04-14T12:55:03","slug":"is-yeri-hekimi-gorev-tanimi","status":"publish","type":"page","link":"https:\/\/www.efeakademi.com.tr\/index.php\/is-yeri-hekimi-gorev-tanimi\/","title":{"rendered":"\u0130\u015f Yeri Hekimi G\u00f6rev Tan\u0131m\u0131"},"content":{"rendered":"\n<p>\u0130\u015f yeri hekimi, i\u015f sa\u011fl\u0131\u011f\u0131 ve g\u00fcvenli\u011fi alan\u0131nda \u00e7al\u0131\u015fan, \u00e7al\u0131\u015fanlar\u0131n sa\u011fl\u0131k durumlar\u0131n\u0131 korumak ve geli\u015ftirmek, i\u015f kazalar\u0131n\u0131 ve meslek hastal\u0131klar\u0131n\u0131 \u00f6nlemek i\u00e7in \u00e7e\u015fitli \u00f6nlemler alan t\u0131p profesyonelidir. \u0130\u015f yeri hekiminin g\u00f6revleri ve sorumluluklar\u0131, geni\u015f bir yelpazeyi kapsar ve temelde \u00e7al\u0131\u015fanlar\u0131n sa\u011fl\u0131kl\u0131 ve g\u00fcvenli bir \u00e7al\u0131\u015fma ortam\u0131nda bulunmalar\u0131n\u0131 sa\u011flamak \u00fczerine kuruludur.<\/p>\n\n\n\n<div id=\"ez-toc-container\" class=\"ez-toc-v2_0_82_2 counter-hierarchy ez-toc-counter ez-toc-grey ez-toc-container-direction\">\n<div class=\"ez-toc-title-container\">\n<p class=\"ez-toc-title\" style=\"cursor:inherit\">\u0130\u00e7indekiler<\/p>\n<span class=\"ez-toc-title-toggle\"><a href=\"#\" class=\"ez-toc-pull-right ez-toc-btn ez-toc-btn-xs ez-toc-btn-default ez-toc-toggle\" aria-label=\"\u0130\u00e7indekiler Tablosunu A\u00e7\/Kapat\"><span class=\"ez-toc-js-icon-con\"><span class=\"\"><span class=\"eztoc-hide\" style=\"display:none;\">Toggle<\/span><span class=\"ez-toc-icon-toggle-span\"><svg style=\"fill: #999;color:#999\" xmlns=\"http:\/\/www.w3.org\/2000\/svg\" class=\"list-377408\" width=\"20px\" height=\"20px\" viewBox=\"0 0 24 24\" fill=\"none\"><path d=\"M6 6H4v2h2V6zm14 0H8v2h12V6zM4 11h2v2H4v-2zm16 0H8v2h12v-2zM4 16h2v2H4v-2zm16 0H8v2h12v-2z\" fill=\"currentColor\"><\/path><\/svg><svg style=\"fill: #999;color:#999\" class=\"arrow-unsorted-368013\" xmlns=\"http:\/\/www.w3.org\/2000\/svg\" width=\"10px\" height=\"10px\" viewBox=\"0 0 24 24\" version=\"1.2\" baseProfile=\"tiny\"><path d=\"M18.2 9.3l-6.2-6.3-6.2 6.3c-.2.2-.3.4-.3.7s.1.5.3.7c.2.2.4.3.7.3h11c.3 0 .5-.1.7-.3.2-.2.3-.5.3-.7s-.1-.5-.3-.7zM5.8 14.7l6.2 6.3 6.2-6.3c.2-.2.3-.5.3-.7s-.1-.5-.3-.7c-.2-.2-.4-.3-.7-.3h-11c-.3 0-.5.1-.7.3-.2.2-.3.5-.3.7s.1.5.3.7z\"\/><\/svg><\/span><\/span><\/span><\/a><\/span><\/div>\n<nav><ul class='ez-toc-list ez-toc-list-level-1 eztoc-toggle-hide-by-default' ><li class='ez-toc-page-1 ez-toc-heading-level-3'><a class=\"ez-toc-link ez-toc-heading-1\" href=\"https:\/\/www.efeakademi.com.tr\/index.php\/is-yeri-hekimi-gorev-tanimi\/#1_Saglik_Degerlendirmeleri_Yapmak\" >1. Sa\u011fl\u0131k De\u011ferlendirmeleri Yapmak<\/a><\/li><li class='ez-toc-page-1 ez-toc-heading-level-3'><a class=\"ez-toc-link ez-toc-heading-2\" href=\"https:\/\/www.efeakademi.com.tr\/index.php\/is-yeri-hekimi-gorev-tanimi\/#2_Risk_Degerlendirmesi\" >2. Risk De\u011ferlendirmesi<\/a><\/li><li class='ez-toc-page-1 ez-toc-heading-level-3'><a class=\"ez-toc-link ez-toc-heading-3\" href=\"https:\/\/www.efeakademi.com.tr\/index.php\/is-yeri-hekimi-gorev-tanimi\/#3_Egitim_ve_Bilgilendirme\" >3. E\u011fitim ve Bilgilendirme<\/a><\/li><li class='ez-toc-page-1 ez-toc-heading-level-3'><a class=\"ez-toc-link ez-toc-heading-4\" href=\"https:\/\/www.efeakademi.com.tr\/index.php\/is-yeri-hekimi-gorev-tanimi\/#4_Acil_Durum_Yonetimi\" >4. Acil Durum Y\u00f6netimi<\/a><\/li><li class='ez-toc-page-1 ez-toc-heading-level-3'><a class=\"ez-toc-link ez-toc-heading-5\" href=\"https:\/\/www.efeakademi.com.tr\/index.php\/is-yeri-hekimi-gorev-tanimi\/#5_Isbirligi_ve_Danismanlik\" >5. \u0130\u015fbirli\u011fi ve Dan\u0131\u015fmanl\u0131k<\/a><\/li><\/ul><\/nav><\/div>\n<h3 class=\"wp-block-heading\"><span class=\"ez-toc-section\" id=\"1_Saglik_Degerlendirmeleri_Yapmak\"><\/span><strong>1. Sa\u011fl\u0131k De\u011ferlendirmeleri Yapmak<\/strong><span class=\"ez-toc-section-end\"><\/span><\/h3>\n\n\n\n<p>\u0130\u015f yeri hekimi, i\u015fe ba\u015flayacak olan \u00e7al\u0131\u015fanlar\u0131n sa\u011fl\u0131k durumlar\u0131n\u0131 de\u011ferlendirmek i\u00e7in gerekli muayeneleri yapar. Bu muayeneler, \u00e7al\u0131\u015fanlar\u0131n yapacaklar\u0131 i\u015fe uygun olup olmad\u0131\u011f\u0131n\u0131 belirlemek i\u00e7in \u00f6nemlidir. Ayr\u0131ca, mevcut \u00e7al\u0131\u015fanlar\u0131n periyodik sa\u011fl\u0131k kontrollerini yaparak, i\u015fin sa\u011fl\u0131k \u00fczerindeki etkilerini izler ve gerekli sa\u011fl\u0131k tavsiyelerinde bulunur.<\/p>\n\n\n\n<h3 class=\"wp-block-heading\"><span class=\"ez-toc-section\" id=\"2_Risk_Degerlendirmesi\"><\/span><strong>2. Risk De\u011ferlendirmesi<\/strong><span class=\"ez-toc-section-end\"><\/span><\/h3>\n\n\n\n<p>\u0130\u015f yeri hekimi, i\u015f yerinde sa\u011fl\u0131k ve g\u00fcvenlik risklerini belirlemek i\u00e7in \u00e7e\u015fitli de\u011ferlendirmeler yapar. Bu de\u011ferlendirmeler, potansiyel sa\u011fl\u0131k tehditlerini ortaya \u00e7\u0131karmak ve gerekli \u00f6nlemleri almak i\u00e7in esast\u0131r. Risk de\u011ferlendirmesi, fiziksel, kimyasal, biyolojik ve ergonomik riskleri i\u00e7erebilir.<\/p>\n\n\n\n<h3 class=\"wp-block-heading\"><span class=\"ez-toc-section\" id=\"3_Egitim_ve_Bilgilendirme\"><\/span><strong>3. E\u011fitim ve Bilgilendirme<\/strong><span class=\"ez-toc-section-end\"><\/span><\/h3>\n\n\n\n<p>\u00c7al\u0131\u015fanlar\u0131n sa\u011fl\u0131k ve g\u00fcvenlik konular\u0131nda bilin\u00e7lendirilmesi i\u015f yeri hekiminin \u00f6nemli g\u00f6revlerindendir. Bu kapsamda, i\u015f yeri hekimi, i\u015f sa\u011fl\u0131\u011f\u0131 ve g\u00fcvenli\u011fi e\u011fitimleri d\u00fczenleyerek, \u00e7al\u0131\u015fanlar\u0131 olas\u0131 tehlikeler ve bu tehlikelerden korunma yollar\u0131 konusunda bilgilendirir.<\/p>\n\n\n\n<h3 class=\"wp-block-heading\"><span class=\"ez-toc-section\" id=\"4_Acil_Durum_Yonetimi\"><\/span><strong>4. Acil Durum Y\u00f6netimi<\/strong><span class=\"ez-toc-section-end\"><\/span><\/h3>\n\n\n\n<p>\u0130\u015f yeri hekimi, i\u015f yerinde meydana gelebilecek acil durumlar i\u00e7in planlamalar yapar ve bu planlar\u0131n uygulanmas\u0131n\u0131 sa\u011flar. Acil durumlar s\u0131ras\u0131nda ilk yard\u0131m, acil t\u0131bbi m\u00fcdahale ve tahliye gibi konularda liderlik eder.<\/p>\n\n\n\n<h3 class=\"wp-block-heading\"><span class=\"ez-toc-section\" id=\"5_Isbirligi_ve_Danismanlik\"><\/span><strong>5. \u0130\u015fbirli\u011fi ve Dan\u0131\u015fmanl\u0131k<\/strong><span class=\"ez-toc-section-end\"><\/span><\/h3>\n\n\n\n<p>\u0130\u015f yeri hekimi, i\u015fverenler ve i\u015f g\u00fcvenli\u011fi uzmanlar\u0131 ile yak\u0131n i\u015fbirli\u011fi i\u00e7inde \u00e7al\u0131\u015farak, i\u015f yerinin sa\u011fl\u0131k ve g\u00fcvenlik politikalar\u0131n\u0131n geli\u015ftirilmesine katk\u0131da bulunur. \u0130\u015f sa\u011fl\u0131\u011f\u0131 ve g\u00fcvenli\u011fi ile ilgili yasal y\u00fck\u00fcml\u00fcl\u00fckler konusunda dan\u0131\u015fmanl\u0131k yaparak, i\u015fverenlerin bu y\u00fck\u00fcml\u00fcl\u00fckleri yerine getirmelerine yard\u0131mc\u0131 olur.<\/p>\n","protected":false},"excerpt":{"rendered":"<p>\u0130\u015f yeri hekimi, i\u015f sa\u011fl\u0131\u011f\u0131 ve g\u00fcvenli\u011fi alan\u0131nda \u00e7al\u0131\u015fan, \u00e7al\u0131\u015fanlar\u0131n sa\u011fl\u0131k durumlar\u0131n\u0131 korumak ve geli\u015ftirmek, i\u015f kazalar\u0131n\u0131 ve meslek hastal\u0131klar\u0131n\u0131 \u00f6nlemek i\u00e7in \u00e7e\u015fitli \u00f6nlemler alan t\u0131p profesyonelidir. \u0130\u015f yeri hekiminin g\u00f6revleri ve sorumluluklar\u0131, geni\u015f bir yelpazeyi kapsar ve temelde \u00e7al\u0131\u015fanlar\u0131n sa\u011fl\u0131kl\u0131 ve g\u00fcvenli bir \u00e7al\u0131\u015fma ortam\u0131nda bulunmalar\u0131n\u0131 sa\u011flamak \u00fczerine kuruludur. 1. Sa\u011fl\u0131k De\u011ferlendirmeleri Yapmak \u0130\u015f&#8230;<\/p>\n","protected":false},"author":1,"featured_media":0,"parent":0,"menu_order":0,"comment_status":"closed","ping_status":"closed","template":"","meta":{"_joinchat":[],"footnotes":""},"class_list":["post-6213","page","type-page","status-publish","hentry","page--item"],"_links":{"self":[{"href":"https:\/\/www.efeakademi.com.tr\/index.php\/wp-json\/wp\/v2\/pages\/6213","targetHints":{"allow":["GET"]}}],"collection":[{"href":"https:\/\/www.efeakademi.com.tr\/index.php\/wp-json\/wp\/v2\/pages"}],"about":[{"href":"https:\/\/www.efeakademi.com.tr\/index.php\/wp-json\/wp\/v2\/types\/page"}],"author":[{"embeddable":true,"href":"https:\/\/www.efeakademi.com.tr\/index.php\/wp-json\/wp\/v2\/users\/1"}],"replies":[{"embeddable":true,"href":"https:\/\/www.efeakademi.com.tr\/index.php\/wp-json\/wp\/v2\/comments?post=6213"}],"version-history":[{"count":1,"href":"https:\/\/www.efeakademi.com.tr\/index.php\/wp-json\/wp\/v2\/pages\/6213\/revisions"}],"predecessor-version":[{"id":6214,"href":"https:\/\/www.efeakademi.com.tr\/index.php\/wp-json\/wp\/v2\/pages\/6213\/revisions\/6214"}],"wp:attachment":[{"href":"https:\/\/www.efeakademi.com.tr\/index.php\/wp-json\/wp\/v2\/media?parent=6213"}],"curies":[{"name":"wp","href":"https:\/\/api.w.org\/{rel}","templated":true}]}}