{"id":6219,"date":"2024-04-14T12:58:16","date_gmt":"2024-04-14T12:58:16","guid":{"rendered":"https:\/\/www.efeakademi.com.tr\/?page_id=6219"},"modified":"2024-04-14T12:58:17","modified_gmt":"2024-04-14T12:58:17","slug":"is-yeri-hekimi-is-ilanlari","status":"publish","type":"page","link":"https:\/\/www.efeakademi.com.tr\/index.php\/is-yeri-hekimi-is-ilanlari\/","title":{"rendered":"\u0130\u015f Yeri Hekimi \u0130\u015f \u0130lanlar\u0131"},"content":{"rendered":"\n<p>\u0130\u015f yeri hekimi pozisyonlar\u0131 i\u00e7in \u00e7e\u015fitli i\u015f ilanlar\u0131 mevcut. T\u00fcrkiye genelinde bir\u00e7ok \u015fehirde i\u015f yeri hekimi arayan ilanlar bulunmakta. \u0130stanbul, Ankara, \u0130zmir, Kocaeli ve Samsun gibi b\u00fcy\u00fck \u015fehirlerde tam zamanl\u0131 pozisyonlar \u00f6ne \u00e7\u0131k\u0131yor. \u0130\u015f yeri hekimli\u011fi i\u00e7in aranan nitelikler genellikle en az 3-5 y\u0131l tecr\u00fcbe ve lisans derecesi \u015feklinde belirtiliyor.<\/p>\n\n\n\n<p>\u00d6rne\u011fin, \u0130stanbul ve Ankara&#8217;da tam zamanl\u0131 \u00e7al\u0131\u015facak i\u015f yeri hekimleri arayan firmalar, adaylar\u0131n i\u015f sa\u011fl\u0131\u011f\u0131 ve g\u00fcvenli\u011fi kanunlar\u0131na hakim olmalar\u0131n\u0131 ve \u00e7e\u015fitli sa\u011fl\u0131k denetimleri yapabilecek yetkinlikte olmalar\u0131n\u0131 bekliyor. \u0130\u015f ilanlar\u0131nda genellikle i\u015f yeri hekiminin sorumluluklar\u0131, i\u015f sa\u011fl\u0131\u011f\u0131 prosed\u00fcrlerini takip etmek, risk analizleri yapmak ve sa\u011fl\u0131k e\u011fitimleri vermek gibi g\u00f6revler yer al\u0131yor.<\/p>\n","protected":false},"excerpt":{"rendered":"<p>\u0130\u015f yeri hekimi pozisyonlar\u0131 i\u00e7in \u00e7e\u015fitli i\u015f ilanlar\u0131 mevcut. T\u00fcrkiye genelinde bir\u00e7ok \u015fehirde i\u015f yeri hekimi arayan ilanlar bulunmakta. \u0130stanbul, Ankara, \u0130zmir, Kocaeli ve Samsun gibi b\u00fcy\u00fck \u015fehirlerde tam zamanl\u0131 pozisyonlar \u00f6ne \u00e7\u0131k\u0131yor. \u0130\u015f yeri hekimli\u011fi i\u00e7in aranan nitelikler genellikle en az 3-5 y\u0131l tecr\u00fcbe ve lisans derecesi \u015feklinde belirtiliyor. \u00d6rne\u011fin, \u0130stanbul ve Ankara&#8217;da tam&#8230;<\/p>\n","protected":false},"author":1,"featured_media":0,"parent":0,"menu_order":0,"comment_status":"closed","ping_status":"closed","template":"","meta":{"_joinchat":[],"footnotes":""},"class_list":["post-6219","page","type-page","status-publish","hentry","page--item"],"_links":{"self":[{"href":"https:\/\/www.efeakademi.com.tr\/index.php\/wp-json\/wp\/v2\/pages\/6219","targetHints":{"allow":["GET"]}}],"collection":[{"href":"https:\/\/www.efeakademi.com.tr\/index.php\/wp-json\/wp\/v2\/pages"}],"about":[{"href":"https:\/\/www.efeakademi.com.tr\/index.php\/wp-json\/wp\/v2\/types\/page"}],"author":[{"embeddable":true,"href":"https:\/\/www.efeakademi.com.tr\/index.php\/wp-json\/wp\/v2\/users\/1"}],"replies":[{"embeddable":true,"href":"https:\/\/www.efeakademi.com.tr\/index.php\/wp-json\/wp\/v2\/comments?post=6219"}],"version-history":[{"count":1,"href":"https:\/\/www.efeakademi.com.tr\/index.php\/wp-json\/wp\/v2\/pages\/6219\/revisions"}],"predecessor-version":[{"id":6220,"href":"https:\/\/www.efeakademi.com.tr\/index.php\/wp-json\/wp\/v2\/pages\/6219\/revisions\/6220"}],"wp:attachment":[{"href":"https:\/\/www.efeakademi.com.tr\/index.php\/wp-json\/wp\/v2\/media?parent=6219"}],"curies":[{"name":"wp","href":"https:\/\/api.w.org\/{rel}","templated":true}]}}