{"id":6278,"date":"2024-04-14T13:43:07","date_gmt":"2024-04-14T13:43:07","guid":{"rendered":"https:\/\/www.efeakademi.com.tr\/?page_id=6278"},"modified":"2024-04-14T13:43:08","modified_gmt":"2024-04-14T13:43:08","slug":"is-yeri-hekimligi-kuresel-bir-perspektif","status":"publish","type":"page","link":"https:\/\/www.efeakademi.com.tr\/index.php\/is-yeri-hekimligi-kuresel-bir-perspektif\/","title":{"rendered":"\u0130\u015f Yeri Hekimli\u011fi: K\u00fcresel Bir Perspektif"},"content":{"rendered":"\n<p>Ba\u015fl\u0131k: \u0130\u015f Yeri Hekimli\u011fi: K\u00fcresel Bir Perspektif<\/p>\n\n\n\n<p>\u0130\u015f yeri hekimli\u011fi (\u0130YH), \u00e7al\u0131\u015fanlar\u0131n sa\u011fl\u0131\u011f\u0131, g\u00fcvenli\u011fi ve esenli\u011fi ile ilgilenen \u00e7ok disiplinli bir aland\u0131r. K\u00fcresel olarak, i\u015f yeri hekimli\u011fi uygulamalar\u0131 end\u00fcstri tarihleri, k\u00fclt\u00fcrel normlar ve sa\u011fl\u0131k kaynaklar\u0131na ba\u011fl\u0131 olarak geni\u015f bir \u00e7e\u015fitlilik g\u00f6sterir. Bu makale, uluslararas\u0131 \u0130YH topluluklar\u0131 aras\u0131ndaki i\u015fbirlikleri ve son ara\u015ft\u0131rmalar\u0131 \u00e7ekerek i\u015f yeri hekimli\u011findeki k\u00fcresel e\u011filimleri ve uygulamalar\u0131n\u0131 incelemektedir.<\/p>\n\n\n\n<p>K\u00fcresel E\u011filimler ve \u0130\u015f Yeri Hekimli\u011fi<\/p>\n\n\n\n<ul class=\"wp-block-list\">\n<li>Uluslararas\u0131 bilgi al\u0131\u015fveri\u015fi ve i\u015fbirli\u011fi, Uluslararas\u0131 \u0130\u015f Yeri Hekimli\u011fi Topluluklar\u0131 \u0130\u015fbirli\u011fi (IOMSC) gibi giri\u015fimler arac\u0131l\u0131\u011f\u0131yla geli\u015ftirilmi\u015f, k\u00fcresel \u00e7al\u0131\u015fan sa\u011fl\u0131\u011f\u0131n\u0131 iyile\u015ftirmi\u015ftir (Loeppke et al., 2017).<\/li>\n\n\n\n<li>\u0130\u015f yeri hekimli\u011fi, sadece belirli end\u00fcstrilere, mesleklere ve s\u00fcre\u00e7lere de\u011fil, ayn\u0131 zamanda topluluklara ba\u011fl\u0131 olarak da farkl\u0131l\u0131k g\u00f6sterir. K\u00fcresel sa\u011fl\u0131k hizmetlerindeki rol\u00fc, sa\u011fl\u0131k hizmetlerinin geli\u015fimi ve ekonomik b\u00fcy\u00fcmedeki etkisi a\u00e7\u0131s\u0131ndan yeniden de\u011ferlendirilmektedir (Guidotti, 2019).<\/li>\n\n\n\n<li>\u0130\u015f yeri hekimli\u011fi, ayn\u0131 zamanda mesleki hastal\u0131klar\u0131n te\u015fhis, tedavi ve \u00f6nlenmesi ile ilgilenir. K\u00fcresel olarak bu alanda ya\u015fanan geli\u015fmeler, mesleki sa\u011fl\u0131k hizmetlerinin farkl\u0131 \u00fclkelerde farkl\u0131 \u015fekillerde y\u00fcr\u00fct\u00fclmesine neden olmaktad\u0131r (Murray, 1983).<\/li>\n<\/ul>\n\n\n\n<p>\u0130\u015f yeri hekimli\u011fi, k\u00fcresel bir perspektiften ele al\u0131nd\u0131\u011f\u0131nda, \u00e7al\u0131\u015fan sa\u011fl\u0131\u011f\u0131n\u0131 koruma ve iyile\u015ftirme konusunda \u00f6nemli bir rol oynamaktad\u0131r. \u00c7e\u015fitli \u00fclkelerdeki uygulamalar\u0131, i\u015fbirlikleri ve ara\u015ft\u0131rmalar arac\u0131l\u0131\u011f\u0131yla i\u015f yeri hekimli\u011fi alan\u0131ndaki yeniliklerin ve geli\u015fmelerin s\u00fcrekli olarak g\u00fcncellenmesi gerekmektedir.<\/p>\n","protected":false},"excerpt":{"rendered":"<p>Ba\u015fl\u0131k: \u0130\u015f Yeri Hekimli\u011fi: K\u00fcresel Bir Perspektif \u0130\u015f yeri hekimli\u011fi (\u0130YH), \u00e7al\u0131\u015fanlar\u0131n sa\u011fl\u0131\u011f\u0131, g\u00fcvenli\u011fi ve esenli\u011fi ile ilgilenen \u00e7ok disiplinli bir aland\u0131r. K\u00fcresel olarak, i\u015f yeri hekimli\u011fi uygulamalar\u0131 end\u00fcstri tarihleri, k\u00fclt\u00fcrel normlar ve sa\u011fl\u0131k kaynaklar\u0131na ba\u011fl\u0131 olarak geni\u015f bir \u00e7e\u015fitlilik g\u00f6sterir. Bu makale, uluslararas\u0131 \u0130YH topluluklar\u0131 aras\u0131ndaki i\u015fbirlikleri ve son ara\u015ft\u0131rmalar\u0131 \u00e7ekerek i\u015f yeri hekimli\u011findeki&#8230;<\/p>\n","protected":false},"author":1,"featured_media":0,"parent":0,"menu_order":0,"comment_status":"closed","ping_status":"closed","template":"","meta":{"_joinchat":[],"footnotes":""},"class_list":["post-6278","page","type-page","status-publish","hentry","page--item"],"_links":{"self":[{"href":"https:\/\/www.efeakademi.com.tr\/index.php\/wp-json\/wp\/v2\/pages\/6278","targetHints":{"allow":["GET"]}}],"collection":[{"href":"https:\/\/www.efeakademi.com.tr\/index.php\/wp-json\/wp\/v2\/pages"}],"about":[{"href":"https:\/\/www.efeakademi.com.tr\/index.php\/wp-json\/wp\/v2\/types\/page"}],"author":[{"embeddable":true,"href":"https:\/\/www.efeakademi.com.tr\/index.php\/wp-json\/wp\/v2\/users\/1"}],"replies":[{"embeddable":true,"href":"https:\/\/www.efeakademi.com.tr\/index.php\/wp-json\/wp\/v2\/comments?post=6278"}],"version-history":[{"count":1,"href":"https:\/\/www.efeakademi.com.tr\/index.php\/wp-json\/wp\/v2\/pages\/6278\/revisions"}],"predecessor-version":[{"id":6279,"href":"https:\/\/www.efeakademi.com.tr\/index.php\/wp-json\/wp\/v2\/pages\/6278\/revisions\/6279"}],"wp:attachment":[{"href":"https:\/\/www.efeakademi.com.tr\/index.php\/wp-json\/wp\/v2\/media?parent=6278"}],"curies":[{"name":"wp","href":"https:\/\/api.w.org\/{rel}","templated":true}]}}