{"id":6405,"date":"2024-07-08T12:26:46","date_gmt":"2024-07-08T12:26:46","guid":{"rendered":"https:\/\/www.efeakademi.com.tr\/?page_id=6405"},"modified":"2024-07-08T12:33:08","modified_gmt":"2024-07-08T12:33:08","slug":"teast","status":"publish","type":"page","link":"https:\/\/www.efeakademi.com.tr\/index.php\/teast\/","title":{"rendered":"\u0130\u015f G\u00fcvenli\u011fi Uzmanl\u0131\u011f\u0131"},"content":{"rendered":"\n<div id=\"ez-toc-container\" class=\"ez-toc-v2_0_82_2 counter-hierarchy ez-toc-counter ez-toc-grey ez-toc-container-direction\">\n<div class=\"ez-toc-title-container\">\n<p class=\"ez-toc-title\" style=\"cursor:inherit\">\u0130\u00e7indekiler<\/p>\n<span class=\"ez-toc-title-toggle\"><a href=\"#\" class=\"ez-toc-pull-right ez-toc-btn ez-toc-btn-xs ez-toc-btn-default ez-toc-toggle\" aria-label=\"\u0130\u00e7indekiler Tablosunu A\u00e7\/Kapat\"><span class=\"ez-toc-js-icon-con\"><span class=\"\"><span class=\"eztoc-hide\" style=\"display:none;\">Toggle<\/span><span class=\"ez-toc-icon-toggle-span\"><svg style=\"fill: #999;color:#999\" xmlns=\"http:\/\/www.w3.org\/2000\/svg\" class=\"list-377408\" width=\"20px\" height=\"20px\" viewBox=\"0 0 24 24\" fill=\"none\"><path d=\"M6 6H4v2h2V6zm14 0H8v2h12V6zM4 11h2v2H4v-2zm16 0H8v2h12v-2zM4 16h2v2H4v-2zm16 0H8v2h12v-2z\" fill=\"currentColor\"><\/path><\/svg><svg style=\"fill: #999;color:#999\" class=\"arrow-unsorted-368013\" xmlns=\"http:\/\/www.w3.org\/2000\/svg\" width=\"10px\" height=\"10px\" viewBox=\"0 0 24 24\" version=\"1.2\" baseProfile=\"tiny\"><path d=\"M18.2 9.3l-6.2-6.3-6.2 6.3c-.2.2-.3.4-.3.7s.1.5.3.7c.2.2.4.3.7.3h11c.3 0 .5-.1.7-.3.2-.2.3-.5.3-.7s-.1-.5-.3-.7zM5.8 14.7l6.2 6.3 6.2-6.3c.2-.2.3-.5.3-.7s-.1-.5-.3-.7c-.2-.2-.4-.3-.7-.3h-11c-.3 0-.5.1-.7.3-.2.2-.3.5-.3.7s.1.5.3.7z\"\/><\/svg><\/span><\/span><\/span><\/a><\/span><\/div>\n<nav><ul class='ez-toc-list ez-toc-list-level-1 eztoc-toggle-hide-by-default' ><li class='ez-toc-page-1 ez-toc-heading-level-3'><a class=\"ez-toc-link ez-toc-heading-1\" href=\"https:\/\/www.efeakademi.com.tr\/index.php\/teast\/#Is_Guvenligi_Uzmanligi_Nedir\" >\u0130\u015f G\u00fcvenli\u011fi Uzmanl\u0131\u011f\u0131 Nedir?<\/a><\/li><li class='ez-toc-page-1 ez-toc-heading-level-3'><a class=\"ez-toc-link ez-toc-heading-2\" href=\"https:\/\/www.efeakademi.com.tr\/index.php\/teast\/#Is_Guvenligi_Uzmanliginin_Onemi\" >\u0130\u015f G\u00fcvenli\u011fi Uzmanl\u0131\u011f\u0131n\u0131n \u00d6nemi<\/a><\/li><li class='ez-toc-page-1 ez-toc-heading-level-3'><a class=\"ez-toc-link ez-toc-heading-3\" href=\"https:\/\/www.efeakademi.com.tr\/index.php\/teast\/#Is_Kazalari_ve_Ornekler\" >\u0130\u015f Kazalar\u0131 ve \u00d6rnekler<\/a><\/li><\/ul><\/nav><\/div>\n<h3 class=\"wp-block-heading\"><span class=\"ez-toc-section\" id=\"Is_Guvenligi_Uzmanligi_Nedir\"><\/span><strong>\u0130\u015f G\u00fcvenli\u011fi Uzmanl\u0131\u011f\u0131 Nedir?<\/strong><span class=\"ez-toc-section-end\"><\/span><\/h3>\n\n\n\n<p class=\"has-medium-font-size\"><strong>\u00c7al\u0131\u015fanlar\u0131n Sa\u011fl\u0131\u011f\u0131n\u0131 ve G\u00fcvenli\u011fini Koruyan Kahramanlar<\/strong><br><br>\u0130\u015f sa\u011fl\u0131\u011f\u0131 ve g\u00fcvenli\u011fi uzmanl\u0131\u011f\u0131, modern end\u00fcstriyel toplumlar\u0131n temel direklerinden biridir. Bu uzmanl\u0131k, \u00e7al\u0131\u015fanlar\u0131n i\u015f kazalar\u0131ndan ve meslek hastal\u0131klar\u0131ndan korunmas\u0131n\u0131 sa\u011flamak amac\u0131yla, i\u015fyerlerinde gerekli tedbirlerin al\u0131nmas\u0131n\u0131 ve uygulamalar\u0131n denetlenmesini i\u00e7erir. Her g\u00fcn fabrikalarda ve i\u015fyerlerinde y\u00fczlerce i\u015f\u00e7i, i\u015f g\u00fcvenli\u011fi uzmanlar\u0131n\u0131n titiz \u00e7al\u0131\u015fmalar\u0131 sayesinde sa\u011fl\u0131kl\u0131 ve g\u00fcvenli bir \u015fekilde i\u015flerini yapabilmektedir. \u015eimdi, bu kritik mesle\u011fin detaylar\u0131na ve \u00f6nemine dair derinlemesine bir bak\u0131\u015f sunuyoruz.<\/p>\n\n\n\n<p>\u0130\u015f g\u00fcvenli\u011fi uzmanl\u0131\u011f\u0131, i\u015f yerlerinde i\u015f sa\u011fl\u0131\u011f\u0131 ve g\u00fcvenli\u011fi (\u0130SG) standartlar\u0131n\u0131 sa\u011flamak ve s\u00fcrd\u00fcrmek i\u00e7in gerekli bilgi ve becerilere sahip profesyoneller yeti\u015ftiren bir aland\u0131r. Bu uzmanlar, i\u015f yerlerindeki potansiyel tehlikeleri belirler, risk de\u011ferlendirmeleri yapar, gerekli \u00f6nlemleri al\u0131r ve \u00e7al\u0131\u015fanlar\u0131 bu konularda bilgilendirir. \u0130\u015f g\u00fcvenli\u011fi uzmanlar\u0131, i\u015f yerlerinde g\u00fcvenli bir \u00e7al\u0131\u015fma ortam\u0131 yaratman\u0131n yan\u0131 s\u0131ra, i\u015f kazalar\u0131 ve meslek hastal\u0131klar\u0131n\u0131 \u00f6nlemeye y\u00f6nelik stratejiler geli\u015ftirir.<\/p>\n\n\n\n<h3 class=\"wp-block-heading\"><span class=\"ez-toc-section\" id=\"Is_Guvenligi_Uzmanliginin_Onemi\"><\/span><strong>\u0130\u015f G\u00fcvenli\u011fi Uzmanl\u0131\u011f\u0131n\u0131n \u00d6nemi<\/strong><span class=\"ez-toc-section-end\"><\/span><\/h3>\n\n\n\n<p>\u0130\u015f g\u00fcvenli\u011fi uzmanlar\u0131, i\u015f yerlerinde hayati bir rol oynar. \u0130\u015f kazalar\u0131 ve meslek hastal\u0131klar\u0131n\u0131n \u00f6nlenmesi, sadece bireylerin sa\u011fl\u0131\u011f\u0131n\u0131 korumakla kalmaz, ayn\u0131 zamanda toplumsal refah\u0131 da art\u0131r\u0131r. \u0130\u015f g\u00fcvenli\u011fi uzmanlar\u0131 sayesinde, i\u015f yerlerinde meydana gelebilecek kazalar minimize edilir ve i\u015f verimlili\u011fi art\u0131r\u0131l\u0131r.&nbsp;<\/p>\n\n\n\n<h3 class=\"wp-block-heading\"><span class=\"ez-toc-section\" id=\"Is_Kazalari_ve_Ornekler\"><\/span><strong>\u0130\u015f Kazalar\u0131 ve \u00d6rnekler<\/strong><span class=\"ez-toc-section-end\"><\/span><\/h3>\n\n\n\n<p>\u0130\u015f kazalar\u0131, genellikle \u00f6nlenebilir olaylard\u0131r. \u00d6rne\u011fin, bir otomotiv fabrikas\u0131nda, i\u015f\u00e7ilerin makine koruma kapaklar\u0131n\u0131 kullanmamas\u0131 sonucu ciddi yaralanmalar meydana gelebilir. \u0130\u015f g\u00fcvenli\u011fi uzmanlar\u0131, bu t\u00fcr kazalar\u0131n \u00f6n\u00fcne ge\u00e7mek i\u00e7in koruyucu ekipman kullan\u0131m\u0131n\u0131 zorunlu k\u0131lar ve \u00e7al\u0131\u015fanlara d\u00fczenli e\u011fitimler verir. Bir ba\u015fka \u00f6rnek, in\u015faat sekt\u00f6r\u00fcnde meydana gelebilecek y\u00fcksekten d\u00fc\u015fme kazalar\u0131d\u0131r. \u0130\u015f g\u00fcvenli\u011fi uzmanlar\u0131, bu riskleri minimize etmek i\u00e7in iskele g\u00fcvenlik \u00f6nlemleri al\u0131r ve \u00e7al\u0131\u015fanlar\u0131n emniyet kemeri kullanmas\u0131n\u0131 sa\u011flar.<\/p>\n\n\n\n<p>Ancak, i\u015f g\u00fcvenli\u011fi uzmanl\u0131\u011f\u0131n\u0131n \u00f6nemi her zaman yeterince takdir edilmez. \u00c7al\u0131\u015fanlar\u0131n sa\u011fl\u0131\u011f\u0131 ve g\u00fcvenli\u011fi i\u00e7in bu kadar kritik olan bir alan, bazen ihmal edilir. Bu ihmal, hem bireylerin sa\u011fl\u0131\u011f\u0131n\u0131 hem de toplumsal refah\u0131 olumsuz etkiler. Sa\u011fl\u0131kl\u0131 ve g\u00fcvenli bir \u00e7al\u0131\u015fma ortam\u0131, sadece \u00e7al\u0131\u015fanlar\u0131n de\u011fil, t\u00fcm toplumun refah\u0131 i\u00e7in kritik \u00f6neme sahiptir. \u0130\u015f g\u00fcvenli\u011fi uzmanlar\u0131n\u0131n, bu hayati g\u00f6revi yerine getirirken kar\u015f\u0131la\u015ft\u0131klar\u0131 zorluklar ve engeller, toplumun bu alana daha fazla \u00f6nem vermesi gerekti\u011fini g\u00f6stermektedir.<\/p>\n\n\n\n<p>\u0130\u015f g\u00fcvenli\u011fi uzmanl\u0131\u011f\u0131, i\u015f yerlerinde sa\u011fl\u0131kl\u0131 ve g\u00fcvenli \u00e7al\u0131\u015fma ko\u015fullar\u0131n\u0131n olu\u015fturulmas\u0131 i\u00e7in hayati bir \u00f6neme sahiptir. Bu uzmanlar, \u00e7al\u0131\u015fanlar\u0131n i\u015f kazalar\u0131ndan ve meslek hastal\u0131klar\u0131ndan korunmas\u0131n\u0131 sa\u011flar, i\u015f verimlili\u011fini art\u0131r\u0131r ve toplumsal refaha katk\u0131da bulunur. E\u011fitim kurumumuz, bu de\u011ferli uzmanlar\u0131 yeti\u015ftirmeyi ve i\u015f sa\u011fl\u0131\u011f\u0131 ve g\u00fcvenli\u011fi alan\u0131nda fark yaratmay\u0131 ama\u00e7lamaktad\u0131r. \u0130\u015f g\u00fcvenli\u011fi uzmanl\u0131\u011f\u0131 kurslar\u0131m\u0131za kat\u0131larak, siz de bu \u00f6nemli misyona katk\u0131da bulunabilirsiniz. Sa\u011fl\u0131kl\u0131 ve g\u00fcvenli bir gelecek i\u00e7in \u015fimdi ad\u0131m at\u0131n!<\/p>\n","protected":false},"excerpt":{"rendered":"<p>\u0130\u015f G\u00fcvenli\u011fi Uzmanl\u0131\u011f\u0131 Nedir? \u00c7al\u0131\u015fanlar\u0131n Sa\u011fl\u0131\u011f\u0131n\u0131 ve G\u00fcvenli\u011fini Koruyan Kahramanlar \u0130\u015f sa\u011fl\u0131\u011f\u0131 ve g\u00fcvenli\u011fi uzmanl\u0131\u011f\u0131, modern end\u00fcstriyel toplumlar\u0131n temel direklerinden biridir. Bu uzmanl\u0131k, \u00e7al\u0131\u015fanlar\u0131n i\u015f kazalar\u0131ndan ve meslek hastal\u0131klar\u0131ndan korunmas\u0131n\u0131 sa\u011flamak amac\u0131yla, i\u015fyerlerinde gerekli tedbirlerin al\u0131nmas\u0131n\u0131 ve uygulamalar\u0131n denetlenmesini i\u00e7erir. Her g\u00fcn fabrikalarda ve i\u015fyerlerinde y\u00fczlerce i\u015f\u00e7i, i\u015f g\u00fcvenli\u011fi uzmanlar\u0131n\u0131n titiz \u00e7al\u0131\u015fmalar\u0131 sayesinde sa\u011fl\u0131kl\u0131 ve&#8230;<\/p>\n","protected":false},"author":1,"featured_media":0,"parent":0,"menu_order":0,"comment_status":"closed","ping_status":"closed","template":"","meta":{"_joinchat":[],"footnotes":""},"class_list":["post-6405","page","type-page","status-publish","hentry","page--item"],"_links":{"self":[{"href":"https:\/\/www.efeakademi.com.tr\/index.php\/wp-json\/wp\/v2\/pages\/6405","targetHints":{"allow":["GET"]}}],"collection":[{"href":"https:\/\/www.efeakademi.com.tr\/index.php\/wp-json\/wp\/v2\/pages"}],"about":[{"href":"https:\/\/www.efeakademi.com.tr\/index.php\/wp-json\/wp\/v2\/types\/page"}],"author":[{"embeddable":true,"href":"https:\/\/www.efeakademi.com.tr\/index.php\/wp-json\/wp\/v2\/users\/1"}],"replies":[{"embeddable":true,"href":"https:\/\/www.efeakademi.com.tr\/index.php\/wp-json\/wp\/v2\/comments?post=6405"}],"version-history":[{"count":2,"href":"https:\/\/www.efeakademi.com.tr\/index.php\/wp-json\/wp\/v2\/pages\/6405\/revisions"}],"predecessor-version":[{"id":6409,"href":"https:\/\/www.efeakademi.com.tr\/index.php\/wp-json\/wp\/v2\/pages\/6405\/revisions\/6409"}],"wp:attachment":[{"href":"https:\/\/www.efeakademi.com.tr\/index.php\/wp-json\/wp\/v2\/media?parent=6405"}],"curies":[{"name":"wp","href":"https:\/\/api.w.org\/{rel}","templated":true}]}}